{"id":998,"date":"2017-10-10T18:23:07","date_gmt":"2017-10-10T21:23:07","guid":{"rendered":"http:\/\/emporioamazonervas.com.br\/?post_type=product&#038;p=998"},"modified":"2023-06-02T02:43:27","modified_gmt":"2023-06-02T05:43:27","slug":"adocante-dietetico-docurinha-100g","status":"publish","type":"product","link":"https:\/\/www.emporioamazonervas.com.br\/index.php\/produto\/adocante-dietetico-docurinha-100g\/","title":{"rendered":"Ado\u00e7ante Diet\u00e9tico Do\u00e7urinha 100g"},"content":{"rendered":"<p>O ado\u00e7ante Do\u00e7urinha Palazzo oferece a quem n\u00e3o pode usar a\u00e7\u00facar ou deve reduzir as calorias, um produto que adoce de forma agrad\u00e1vel e que seja t\u00e3o barato quanto o a\u00e7\u00facar. \u00c9 composto de Ciclamato de S\u00f3dio e Sacarina. Cada colher rasa de caf\u00e9 corresponde a 5 colheres cheias de sopa de a\u00e7\u00facar.\u00a0Neste caso espec\u00edfico o Do\u00e7urinha sai quase a metade do valor do a\u00e7\u00facar. Em uma embalagem de 100 gramas de Do\u00e7urinha o rendimento equivalente ao dul\u00e7or de 10 kg de a\u00e7\u00facar.<\/p>\n","protected":false},"excerpt":{"rendered":"<p>O ado\u00e7ante Do\u00e7urinha Palazzo oferece a quem n\u00e3o pode usar a\u00e7\u00facar ou deve reduzir as calorias.<\/p>\n","protected":false},"featured_media":999,"comment_status":"open","ping_status":"closed","template":"","meta":[],"product_cat":[190,196],"product_tag":[201,206,205,84,55],"_links":{"self":[{"href":"https:\/\/www.emporioamazonervas.com.br\/index.php\/wp-json\/wp\/v2\/product\/998"}],"collection":[{"href":"https:\/\/www.emporioamazonervas.com.br\/index.php\/wp-json\/wp\/v2\/product"}],"about":[{"href":"https:\/\/www.emporioamazonervas.com.br\/index.php\/wp-json\/wp\/v2\/types\/product"}],"replies":[{"embeddable":true,"href":"https:\/\/www.emporioamazonervas.com.br\/index.php\/wp-json\/wp\/v2\/comments?post=998"}],"wp:featuredmedia":[{"embeddable":true,"href":"https:\/\/www.emporioamazonervas.com.br\/index.php\/wp-json\/wp\/v2\/media\/999"}],"wp:attachment":[{"href":"https:\/\/www.emporioamazonervas.com.br\/index.php\/wp-json\/wp\/v2\/media?parent=998"}],"wp:term":[{"taxonomy":"product_cat","embeddable":true,"href":"https:\/\/www.emporioamazonervas.com.br\/index.php\/wp-json\/wp\/v2\/product_cat?post=998"},{"taxonomy":"product_tag","embeddable":true,"href":"https:\/\/www.emporioamazonervas.com.br\/index.php\/wp-json\/wp\/v2\/product_tag?post=998"}],"curies":[{"name":"wp","href":"https:\/\/api.w.org\/{rel}","templated":true}]}}