{"id":992,"date":"2017-10-10T16:53:43","date_gmt":"2017-10-10T19:53:43","guid":{"rendered":"http:\/\/emporioamazonervas.com.br\/?post_type=product&#038;p=992"},"modified":"2023-06-02T02:43:46","modified_gmt":"2023-06-02T05:43:46","slug":"adocante-stevia-natus-100-natural-80ml","status":"publish","type":"product","link":"https:\/\/www.emporioamazonervas.com.br\/index.php\/produto\/adocante-stevia-natus-100-natural-80ml\/","title":{"rendered":"Ado\u00e7ante St\u00e9via Natus 100% Natural 80ml"},"content":{"rendered":"<p style=\"text-align: justify\">O Ado\u00e7ante St\u00e9via Natus 100% Natural \u00e9 uma excelente op\u00e7\u00e3o de ado\u00e7ante l\u00edquido de mesa. Seu processo de extra\u00e7\u00e3o \u00e9 livre de produtos qu\u00edmicos, sem deixar sabor residual no paladar. O diferencial do Ado\u00e7ante St\u00e9via Natus \u00e9 sua extra\u00e7\u00e3o a base de \u00e1gua, um processo mais saud\u00e1vel e com menos res\u00edduos. Outros fabricantes costumam utilizar solventes no processo de extra\u00e7\u00e3o.<br \/>\nPossui tamb\u00e9m o selo de qualidade e confian\u00e7a ANAD (Associa\u00e7\u00e3o Nacional de Assist\u00eancia ao Diab\u00e9tico).<\/p>\n","protected":false},"excerpt":{"rendered":"<p>O ado\u00e7ante STEVIA LIFE \u00e9 produzido com o melhor da Stevia. Ado\u00e7a mais que o a\u00e7\u00facar comum, sem deixar gosto residual e com zero calorias. \u00c9 indicado para quem n\u00e3o pode consumir a\u00e7\u00facar e por quem optou por uma vida mais natural e saud\u00e1vel.<\/p>\n<p>RECOMENDA\u00c7\u00c3O DE USO:<\/p>\n<p>Recomendado para substitui\u00e7\u00e3o do a\u00e7\u00facar. N\u00e3o cont\u00e9m a\u00e7\u00facar adicionado.<\/p>\n<p>&nbsp;<\/p>\n","protected":false},"featured_media":2351,"comment_status":"open","ping_status":"closed","template":"","meta":[],"product_cat":[190],"product_tag":[204,201,84,191,55],"_links":{"self":[{"href":"https:\/\/www.emporioamazonervas.com.br\/index.php\/wp-json\/wp\/v2\/product\/992"}],"collection":[{"href":"https:\/\/www.emporioamazonervas.com.br\/index.php\/wp-json\/wp\/v2\/product"}],"about":[{"href":"https:\/\/www.emporioamazonervas.com.br\/index.php\/wp-json\/wp\/v2\/types\/product"}],"replies":[{"embeddable":true,"href":"https:\/\/www.emporioamazonervas.com.br\/index.php\/wp-json\/wp\/v2\/comments?post=992"}],"wp:featuredmedia":[{"embeddable":true,"href":"https:\/\/www.emporioamazonervas.com.br\/index.php\/wp-json\/wp\/v2\/media\/2351"}],"wp:attachment":[{"href":"https:\/\/www.emporioamazonervas.com.br\/index.php\/wp-json\/wp\/v2\/media?parent=992"}],"wp:term":[{"taxonomy":"product_cat","embeddable":true,"href":"https:\/\/www.emporioamazonervas.com.br\/index.php\/wp-json\/wp\/v2\/product_cat?post=992"},{"taxonomy":"product_tag","embeddable":true,"href":"https:\/\/www.emporioamazonervas.com.br\/index.php\/wp-json\/wp\/v2\/product_tag?post=992"}],"curies":[{"name":"wp","href":"https:\/\/api.w.org\/{rel}","templated":true}]}}