{"id":990,"date":"2017-10-10T16:13:46","date_gmt":"2017-10-10T19:13:46","guid":{"rendered":"http:\/\/emporioamazonervas.com.br\/?post_type=product&#038;p=990"},"modified":"2022-09-30T10:51:58","modified_gmt":"2022-09-30T13:51:58","slug":"acucar-light-sabore-stevia-natus-500g","status":"publish","type":"product","link":"https:\/\/www.emporioamazonervas.com.br\/index.php\/produto\/acucar-light-sabore-stevia-natus-500g\/","title":{"rendered":"A\u00e7\u00facar Light Sabore &#8211; Stevia Natus 500g"},"content":{"rendered":"<p style=\"text-align: justify\">O a\u00e7\u00facar Light Stevia Life substitui o a\u00e7\u00facar comum na prepara\u00e7\u00e3o de qualquer alimento ou bebida. Rende 5 vezes mais que o a\u00e7\u00facar convencional, reduzindo a ingest\u00e3o de calorias pelo organismo. Indicando para quem quer ou precisa ingerir menos calorias sem abrir m\u00e3o do sabor.<\/p>\n","protected":false},"excerpt":{"rendered":"<p>O a\u00e7\u00facar Light Stevia Life substitui o a\u00e7\u00facar comum na prepara\u00e7\u00e3o de qualquer alimento ou bebida.<\/p>\n","protected":false},"featured_media":2349,"comment_status":"open","ping_status":"closed","template":"","meta":[],"product_cat":[190],"product_tag":[192,191,55,193],"_links":{"self":[{"href":"https:\/\/www.emporioamazonervas.com.br\/index.php\/wp-json\/wp\/v2\/product\/990"}],"collection":[{"href":"https:\/\/www.emporioamazonervas.com.br\/index.php\/wp-json\/wp\/v2\/product"}],"about":[{"href":"https:\/\/www.emporioamazonervas.com.br\/index.php\/wp-json\/wp\/v2\/types\/product"}],"replies":[{"embeddable":true,"href":"https:\/\/www.emporioamazonervas.com.br\/index.php\/wp-json\/wp\/v2\/comments?post=990"}],"wp:featuredmedia":[{"embeddable":true,"href":"https:\/\/www.emporioamazonervas.com.br\/index.php\/wp-json\/wp\/v2\/media\/2349"}],"wp:attachment":[{"href":"https:\/\/www.emporioamazonervas.com.br\/index.php\/wp-json\/wp\/v2\/media?parent=990"}],"wp:term":[{"taxonomy":"product_cat","embeddable":true,"href":"https:\/\/www.emporioamazonervas.com.br\/index.php\/wp-json\/wp\/v2\/product_cat?post=990"},{"taxonomy":"product_tag","embeddable":true,"href":"https:\/\/www.emporioamazonervas.com.br\/index.php\/wp-json\/wp\/v2\/product_tag?post=990"}],"curies":[{"name":"wp","href":"https:\/\/api.w.org\/{rel}","templated":true}]}}