{"id":988,"date":"2017-10-10T16:41:02","date_gmt":"2017-10-10T19:41:02","guid":{"rendered":"http:\/\/emporioamazonervas.com.br\/?post_type=product&#038;p=988"},"modified":"2022-11-29T17:15:14","modified_gmt":"2022-11-29T20:15:14","slug":"xylitol-neutro-300-g","status":"publish","type":"product","link":"https:\/\/www.emporioamazonervas.com.br\/index.php\/produto\/xylitol-neutro-300-g\/","title":{"rendered":"Xylitol  Neutro 300g &#8211; Sanavita"},"content":{"rendered":"<p style=\"text-align: justify\">O Xylitol \u00e9 um ado\u00e7ante natural de baixo \u00edndice glic\u00eamico, com o mesmo poder de dul\u00e7or do a\u00e7\u00facar e redu\u00e7\u00e3o de 40% de calorias. Pode ser usado em bebidas e alimentos em substitui\u00e7\u00e3o ao a\u00e7\u00facar, tamb\u00e9m para ado\u00e7ar caf\u00e9s, ch\u00e1s, sucos e outros tipos de bebidas ou receitas culin\u00e1rias.<\/p>\n<p style=\"text-align: justify\">Ele n\u00e3o possui contraindica\u00e7\u00f5es. Al\u00e9m de ado\u00e7ar, algumas pesquisas recentes t\u00eam sugerido que o xylitol possui aplica\u00e7\u00f5es cl\u00ednicas, sendo indicado para a preven\u00e7\u00e3o de c\u00e1ries, tratamento de diabetes, desordem no metabolismo de gorduras, les\u00f5es renais e parenterais, bem como na preven\u00e7\u00e3o de infec\u00e7\u00f5es pulmonares e osteoporose.<\/p>\n","protected":false},"excerpt":{"rendered":"<p>O Xylitol \u00e9 um ado\u00e7ante natural de baixo \u00edndice glic\u00eamico.<\/p>\n","protected":false},"featured_media":2578,"comment_status":"open","ping_status":"closed","template":"","meta":[],"product_cat":[190,196],"product_tag":[201,202,77,85,84,86,203,200],"_links":{"self":[{"href":"https:\/\/www.emporioamazonervas.com.br\/index.php\/wp-json\/wp\/v2\/product\/988"}],"collection":[{"href":"https:\/\/www.emporioamazonervas.com.br\/index.php\/wp-json\/wp\/v2\/product"}],"about":[{"href":"https:\/\/www.emporioamazonervas.com.br\/index.php\/wp-json\/wp\/v2\/types\/product"}],"replies":[{"embeddable":true,"href":"https:\/\/www.emporioamazonervas.com.br\/index.php\/wp-json\/wp\/v2\/comments?post=988"}],"wp:featuredmedia":[{"embeddable":true,"href":"https:\/\/www.emporioamazonervas.com.br\/index.php\/wp-json\/wp\/v2\/media\/2578"}],"wp:attachment":[{"href":"https:\/\/www.emporioamazonervas.com.br\/index.php\/wp-json\/wp\/v2\/media?parent=988"}],"wp:term":[{"taxonomy":"product_cat","embeddable":true,"href":"https:\/\/www.emporioamazonervas.com.br\/index.php\/wp-json\/wp\/v2\/product_cat?post=988"},{"taxonomy":"product_tag","embeddable":true,"href":"https:\/\/www.emporioamazonervas.com.br\/index.php\/wp-json\/wp\/v2\/product_tag?post=988"}],"curies":[{"name":"wp","href":"https:\/\/api.w.org\/{rel}","templated":true}]}}