{"id":964,"date":"2017-10-07T13:36:03","date_gmt":"2017-10-07T16:36:03","guid":{"rendered":"http:\/\/emporioamazonervas.com.br\/?post_type=product&#038;p=964"},"modified":"2022-12-26T12:50:02","modified_gmt":"2022-12-26T15:50:02","slug":"oleo-de-coco-sem-sabor-copra-500ml","status":"publish","type":"product","link":"https:\/\/www.emporioamazonervas.com.br\/index.php\/produto\/oleo-de-coco-sem-sabor-copra-500ml\/","title":{"rendered":"\u00d3leo de Coco 60 Caps 1000mg &#8211; ClinicMais"},"content":{"rendered":"<p style=\"text-align: justify\"><strong>O \u00f3leo de coco tem prote\u00ednas, carboidratos, \u00f3leos e minerais, al\u00e9m de\u00a0nutrac\u00eauticos como os \u00e1cidos l\u00e1urico, mir\u00edstico e palm\u00edtico.<\/strong><\/p>\n<p><strong>Estudos demonstraram\u00a0 que o uso do \u00f3leo de coco tem efeitos ben\u00e9ficos para a sa\u00fade cardiovascular, por melhorar os n\u00edveis de HDL (colesterol bom) e reduzir o LDL (colesterol ruim).<\/strong><\/p>\n<p>Ajudar a diminuir os n\u00edveis de colesterol e triglicer\u00eddeos quando usado numa dieta equilibrada e pr\u00e1tica de exerc\u00edcios, contribuir para combater fungos, bact\u00e9rias e protozo\u00e1rios, melhorando a resposta imunol\u00f3gica do organismo.<\/p>\n<ul>\n<li>Melhorar o tr\u00e2nsito intestinal, pois protege a flora intestinal, ajudando no tratamento da diarreia ou da pris\u00e3o de ventre;<\/li>\n<li>Utilizado em dietas para controle de peso, em virtude do seu alto teor de \u00e1cidos graxos de cadeia m\u00e9dia \u2013 que s\u00e3o facilmente oxidados e n\u00e3o s\u00e3o armazenados no tecido adiposo.<\/li>\n<li>A\u00e7\u00e3o antioxidante. Colabora na diminui\u00e7\u00e3o da produ\u00e7\u00e3o de radicais livres.<\/li>\n<\/ul>\n<p>&nbsp;<\/p>\n","protected":false},"excerpt":{"rendered":"<p>O \u00d3leo de Coco Sem Sabor 100% natural.<\/p>\n","protected":false},"featured_media":2774,"comment_status":"open","ping_status":"closed","template":"","meta":[],"product_cat":[173,57],"product_tag":[933,316,144,185,59,520,725,792,791,55],"_links":{"self":[{"href":"https:\/\/www.emporioamazonervas.com.br\/index.php\/wp-json\/wp\/v2\/product\/964"}],"collection":[{"href":"https:\/\/www.emporioamazonervas.com.br\/index.php\/wp-json\/wp\/v2\/product"}],"about":[{"href":"https:\/\/www.emporioamazonervas.com.br\/index.php\/wp-json\/wp\/v2\/types\/product"}],"replies":[{"embeddable":true,"href":"https:\/\/www.emporioamazonervas.com.br\/index.php\/wp-json\/wp\/v2\/comments?post=964"}],"wp:featuredmedia":[{"embeddable":true,"href":"https:\/\/www.emporioamazonervas.com.br\/index.php\/wp-json\/wp\/v2\/media\/2774"}],"wp:attachment":[{"href":"https:\/\/www.emporioamazonervas.com.br\/index.php\/wp-json\/wp\/v2\/media?parent=964"}],"wp:term":[{"taxonomy":"product_cat","embeddable":true,"href":"https:\/\/www.emporioamazonervas.com.br\/index.php\/wp-json\/wp\/v2\/product_cat?post=964"},{"taxonomy":"product_tag","embeddable":true,"href":"https:\/\/www.emporioamazonervas.com.br\/index.php\/wp-json\/wp\/v2\/product_tag?post=964"}],"curies":[{"name":"wp","href":"https:\/\/api.w.org\/{rel}","templated":true}]}}