{"id":932,"date":"2017-10-06T20:58:32","date_gmt":"2017-10-06T23:58:32","guid":{"rendered":"http:\/\/emporioamazonervas.com.br\/?post_type=product&#038;p=932"},"modified":"2022-01-21T11:25:47","modified_gmt":"2022-01-21T14:25:47","slug":"thermo-energy-abacaxi-e-hortela-300g","status":"publish","type":"product","link":"https:\/\/www.emporioamazonervas.com.br\/index.php\/produto\/thermo-energy-abacaxi-e-hortela-300g\/","title":{"rendered":"Thermo Energy &#8211; Frutas Roxas 300g"},"content":{"rendered":"<p>Bebida energ\u00e9tica que combina subst\u00e2ncias que agem de forma sin\u00e9rgica com o objetivo de proporcionar mais disposi\u00e7\u00e3o e energia para o dia a dia. Seu efeito \u00e9 proporcionado por ingredientes como cafe\u00edna, taurina e inositol combinados com guaran\u00e1, gengibre e polpas de frutas.<\/p>\n","protected":false},"excerpt":{"rendered":"<p>Combina subst\u00e2ncias com a\u00e7\u00e3o termog\u00eanica, que estimulam o metabolismo a trabalhar ativamente, resultando em efeitos ergog\u00eanicos e auxiliando a perda de peso.<\/p>\n","protected":false},"featured_media":0,"comment_status":"closed","ping_status":"closed","template":"","meta":[],"product_cat":[131,130],"product_tag":[136,143,146,134,135,138,77,142,85,137,133,132,139,141,140,113],"_links":{"self":[{"href":"https:\/\/www.emporioamazonervas.com.br\/index.php\/wp-json\/wp\/v2\/product\/932"}],"collection":[{"href":"https:\/\/www.emporioamazonervas.com.br\/index.php\/wp-json\/wp\/v2\/product"}],"about":[{"href":"https:\/\/www.emporioamazonervas.com.br\/index.php\/wp-json\/wp\/v2\/types\/product"}],"replies":[{"embeddable":true,"href":"https:\/\/www.emporioamazonervas.com.br\/index.php\/wp-json\/wp\/v2\/comments?post=932"}],"wp:attachment":[{"href":"https:\/\/www.emporioamazonervas.com.br\/index.php\/wp-json\/wp\/v2\/media?parent=932"}],"wp:term":[{"taxonomy":"product_cat","embeddable":true,"href":"https:\/\/www.emporioamazonervas.com.br\/index.php\/wp-json\/wp\/v2\/product_cat?post=932"},{"taxonomy":"product_tag","embeddable":true,"href":"https:\/\/www.emporioamazonervas.com.br\/index.php\/wp-json\/wp\/v2\/product_tag?post=932"}],"curies":[{"name":"wp","href":"https:\/\/api.w.org\/{rel}","templated":true}]}}