{"id":930,"date":"2017-10-06T20:07:30","date_gmt":"2017-10-06T23:07:30","guid":{"rendered":"http:\/\/emporioamazonervas.com.br\/?post_type=product&#038;p=930"},"modified":"2023-02-21T10:09:33","modified_gmt":"2023-02-21T13:09:33","slug":"colageno-hidrolisado-neutro-300g","status":"publish","type":"product","link":"https:\/\/www.emporioamazonervas.com.br\/index.php\/produto\/colageno-hidrolisado-neutro-300g\/","title":{"rendered":"Col\u00e1geno Hidrolisado Neutro 300g &#8211; Sanavita"},"content":{"rendered":"<p>Alimento com alta concentra\u00e7\u00e3o de pept\u00eddeos de col\u00e1geno com baixo peso molecular (&lt;2,5kDa), o que facilita a sua absor\u00e7\u00e3o. Cada por\u00e7\u00e3o cont\u00e9m 9g de col\u00e1geno hidrolisado associado \u00e0s vitaminas A, C, E e Zinco. Indicado para mulheres e homens.<br \/>\n\u2022 Baixas calorias<br \/>\n\u2022 0% A\u00e7\u00facares \u2013 diet<br \/>\n\u2022 0% Gl\u00faten<br \/>\n\u2022 0% Lactose<br \/>\n\u2022 0% Conservantes, aromas e corantes artificiais<br \/>\n\u2022 0% Gorduras e Purinas<br \/>\n\u2022 0% Maltodextrina<\/p>\n","protected":false},"excerpt":{"rendered":"<p>Alimento que re\u00fane em uma \u00fanica por\u00e7\u00e3o 9 g de Col\u00e1geno Hidrolisado puro enriquecido com Zinco e vitaminas A, C e E.<\/p>\n","protected":false},"featured_media":2923,"comment_status":"open","ping_status":"closed","template":"","meta":[],"product_cat":[74],"product_tag":[52,83,128,77,85,87,84,86,99,129,113,114,115],"_links":{"self":[{"href":"https:\/\/www.emporioamazonervas.com.br\/index.php\/wp-json\/wp\/v2\/product\/930"}],"collection":[{"href":"https:\/\/www.emporioamazonervas.com.br\/index.php\/wp-json\/wp\/v2\/product"}],"about":[{"href":"https:\/\/www.emporioamazonervas.com.br\/index.php\/wp-json\/wp\/v2\/types\/product"}],"replies":[{"embeddable":true,"href":"https:\/\/www.emporioamazonervas.com.br\/index.php\/wp-json\/wp\/v2\/comments?post=930"}],"wp:featuredmedia":[{"embeddable":true,"href":"https:\/\/www.emporioamazonervas.com.br\/index.php\/wp-json\/wp\/v2\/media\/2923"}],"wp:attachment":[{"href":"https:\/\/www.emporioamazonervas.com.br\/index.php\/wp-json\/wp\/v2\/media?parent=930"}],"wp:term":[{"taxonomy":"product_cat","embeddable":true,"href":"https:\/\/www.emporioamazonervas.com.br\/index.php\/wp-json\/wp\/v2\/product_cat?post=930"},{"taxonomy":"product_tag","embeddable":true,"href":"https:\/\/www.emporioamazonervas.com.br\/index.php\/wp-json\/wp\/v2\/product_tag?post=930"}],"curies":[{"name":"wp","href":"https:\/\/api.w.org\/{rel}","templated":true}]}}