{"id":924,"date":"2017-10-06T19:38:41","date_gmt":"2017-10-06T22:38:41","guid":{"rendered":"http:\/\/emporioamazonervas.com.br\/?post_type=product&#038;p=924"},"modified":"2023-06-02T03:16:16","modified_gmt":"2023-06-02T06:16:16","slug":"vinagre-de-maca-organico-senhor-viccino-500ml","status":"publish","type":"product","link":"https:\/\/www.emporioamazonervas.com.br\/index.php\/produto\/vinagre-de-maca-organico-senhor-viccino-500ml\/","title":{"rendered":"Vinagre de Ma\u00e7\u00e3 Org\u00e2nico 500ml &#8211; Senhor Viccino"},"content":{"rendered":"<p>O Vinagre de Ma\u00e7\u00e3 Senhor Viccino Org\u00e2nico, \u00e9 certificado por certificadora independente Ele n\u00e3o \u00e9 microfiltrado e nem pasteurizado. Ele \u00e9 100% natural, possui embalagem especial e \u00e9 apresentado em garrafa de vidro de 500 ml, batoque (dosador), tampa de alum\u00ednio dourada e lacre de prote\u00e7\u00e3o. Possui acidez de 4%.<\/p>\n","protected":false},"excerpt":{"rendered":"<p><strong>Zero a\u00e7\u00facar, Zero \u00e1lcool e Sem bisfenol-A<\/strong><\/p>\n","protected":false},"featured_media":2799,"comment_status":"open","ping_status":"closed","template":"","meta":[],"product_cat":[109],"product_tag":[119,117,125,84,118,116,126],"_links":{"self":[{"href":"https:\/\/www.emporioamazonervas.com.br\/index.php\/wp-json\/wp\/v2\/product\/924"}],"collection":[{"href":"https:\/\/www.emporioamazonervas.com.br\/index.php\/wp-json\/wp\/v2\/product"}],"about":[{"href":"https:\/\/www.emporioamazonervas.com.br\/index.php\/wp-json\/wp\/v2\/types\/product"}],"replies":[{"embeddable":true,"href":"https:\/\/www.emporioamazonervas.com.br\/index.php\/wp-json\/wp\/v2\/comments?post=924"}],"wp:featuredmedia":[{"embeddable":true,"href":"https:\/\/www.emporioamazonervas.com.br\/index.php\/wp-json\/wp\/v2\/media\/2799"}],"wp:attachment":[{"href":"https:\/\/www.emporioamazonervas.com.br\/index.php\/wp-json\/wp\/v2\/media?parent=924"}],"wp:term":[{"taxonomy":"product_cat","embeddable":true,"href":"https:\/\/www.emporioamazonervas.com.br\/index.php\/wp-json\/wp\/v2\/product_cat?post=924"},{"taxonomy":"product_tag","embeddable":true,"href":"https:\/\/www.emporioamazonervas.com.br\/index.php\/wp-json\/wp\/v2\/product_tag?post=924"}],"curies":[{"name":"wp","href":"https:\/\/api.w.org\/{rel}","templated":true}]}}