{"id":915,"date":"2017-10-06T19:10:57","date_gmt":"2017-10-06T22:10:57","guid":{"rendered":"http:\/\/emporioamazonervas.com.br\/?post_type=product&#038;p=915"},"modified":"2022-12-29T16:50:55","modified_gmt":"2022-12-29T19:50:55","slug":"vinagre-de-maca-zero-acucar-senhor-viccino-500ml","status":"publish","type":"product","link":"https:\/\/www.emporioamazonervas.com.br\/index.php\/produto\/vinagre-de-maca-zero-acucar-senhor-viccino-500ml\/","title":{"rendered":"Vinagre de Ma\u00e7\u00e3 Zero A\u00e7\u00facar 500ml &#8211; Senhor Viccino"},"content":{"rendered":"<p style=\"text-align: justify\">O Vinagre de Ma\u00e7\u00e3 Senhor Viccino n\u00e3o \u00e9 microfiltrado e nem pasteurizado. Ele \u00e9 100% natural, possui embalagem especial e \u00e9 apresentado em garrafa de 500 ml em alta gramatura, r\u00f3tulo de alta resist\u00eancia, batoque (dosador), tampa de alum\u00ednio dourada e lacre de prote\u00e7\u00e3o. Possui acidez de 5%.<\/p>\n","protected":false},"excerpt":{"rendered":"<p><strong>Zero a\u00e7\u00facar, Zero \u00e1lcool e Sem bisfenol-A<\/strong><\/p>\n","protected":false},"featured_media":2801,"comment_status":"open","ping_status":"closed","template":"","meta":[],"product_cat":[109],"product_tag":[119,117,84,118,116,124],"_links":{"self":[{"href":"https:\/\/www.emporioamazonervas.com.br\/index.php\/wp-json\/wp\/v2\/product\/915"}],"collection":[{"href":"https:\/\/www.emporioamazonervas.com.br\/index.php\/wp-json\/wp\/v2\/product"}],"about":[{"href":"https:\/\/www.emporioamazonervas.com.br\/index.php\/wp-json\/wp\/v2\/types\/product"}],"replies":[{"embeddable":true,"href":"https:\/\/www.emporioamazonervas.com.br\/index.php\/wp-json\/wp\/v2\/comments?post=915"}],"wp:featuredmedia":[{"embeddable":true,"href":"https:\/\/www.emporioamazonervas.com.br\/index.php\/wp-json\/wp\/v2\/media\/2801"}],"wp:attachment":[{"href":"https:\/\/www.emporioamazonervas.com.br\/index.php\/wp-json\/wp\/v2\/media?parent=915"}],"wp:term":[{"taxonomy":"product_cat","embeddable":true,"href":"https:\/\/www.emporioamazonervas.com.br\/index.php\/wp-json\/wp\/v2\/product_cat?post=915"},{"taxonomy":"product_tag","embeddable":true,"href":"https:\/\/www.emporioamazonervas.com.br\/index.php\/wp-json\/wp\/v2\/product_tag?post=915"}],"curies":[{"name":"wp","href":"https:\/\/api.w.org\/{rel}","templated":true}]}}