{"id":875,"date":"2017-10-06T17:23:31","date_gmt":"2017-10-06T20:23:31","guid":{"rendered":"http:\/\/emporioamazonervas.com.br\/?post_type=product&#038;p=875"},"modified":"2022-12-23T12:01:07","modified_gmt":"2022-12-23T15:01:07","slug":"colageno-hidrolisado-original","status":"publish","type":"product","link":"https:\/\/www.emporioamazonervas.com.br\/index.php\/produto\/colageno-hidrolisado-original\/","title":{"rendered":"Col\u00e1geno Skin Sabor: Original 300g &#8211; Sanavita"},"content":{"rendered":"<p style=\"text-align: justify\">Col\u00e1geno Skin \u00e9 um suplemento para a pele com resultados comprovados em estudo cl\u00ednico com apenas 3 meses de uso.*<\/p>\n<p>Sua f\u00f3rmula consagrada e pioneira no mercado combina pept\u00eddeos ativos de col\u00e1geno de alta absor\u00e7\u00e3o e proced\u00eancia, e inclui um complexo de vitaminas e minerais (vitamina A, C, E e zinco) com a\u00e7\u00e3o antioxidante e precursora de col\u00e1geno.<\/p>\n<p>Seus benef\u00edcios foram potencializados com a adi\u00e7\u00e3o de niacinamida, a forma amida da niacina, que vem marcando presen\u00e7a cada vez mais constante em produtos de alta tecnologia. Re\u00fane propriedades para a manuten\u00e7\u00e3o da pele que tem o poder de torn\u00e1-la ainda mais radiante de dentro para fora.<\/p>\n<p><span class=\"b sanavita-m3-custom-0-x-strong sanavita-m3-custom-0-x-strong--poder-da-nutricao\">Eleja o Col\u00e1geno Skin Sanavita como seu primeiro col\u00e1geno. N\u00e3o importa se aos 25 ou aos 40 anos<\/span><\/p>\n","protected":false},"excerpt":{"rendered":"<p>Alimento com alta concentra\u00e7\u00e3o de pept\u00eddeos de col\u00e1geno com baixo peso molecular (&lt;2,5kDa), o que facilita a sua absor\u00e7\u00e3o<\/p>\n","protected":false},"featured_media":2753,"comment_status":"open","ping_status":"closed","template":"","meta":[],"product_cat":[74],"product_tag":[79,80,81,52,76,78,77,124],"_links":{"self":[{"href":"https:\/\/www.emporioamazonervas.com.br\/index.php\/wp-json\/wp\/v2\/product\/875"}],"collection":[{"href":"https:\/\/www.emporioamazonervas.com.br\/index.php\/wp-json\/wp\/v2\/product"}],"about":[{"href":"https:\/\/www.emporioamazonervas.com.br\/index.php\/wp-json\/wp\/v2\/types\/product"}],"replies":[{"embeddable":true,"href":"https:\/\/www.emporioamazonervas.com.br\/index.php\/wp-json\/wp\/v2\/comments?post=875"}],"wp:featuredmedia":[{"embeddable":true,"href":"https:\/\/www.emporioamazonervas.com.br\/index.php\/wp-json\/wp\/v2\/media\/2753"}],"wp:attachment":[{"href":"https:\/\/www.emporioamazonervas.com.br\/index.php\/wp-json\/wp\/v2\/media?parent=875"}],"wp:term":[{"taxonomy":"product_cat","embeddable":true,"href":"https:\/\/www.emporioamazonervas.com.br\/index.php\/wp-json\/wp\/v2\/product_cat?post=875"},{"taxonomy":"product_tag","embeddable":true,"href":"https:\/\/www.emporioamazonervas.com.br\/index.php\/wp-json\/wp\/v2\/product_tag?post=875"}],"curies":[{"name":"wp","href":"https:\/\/api.w.org\/{rel}","templated":true}]}}