{"id":2994,"date":"2023-07-27T12:52:04","date_gmt":"2023-07-27T15:52:04","guid":{"rendered":"https:\/\/www.emporioamazonervas.com.br\/?post_type=product&#038;p=2994"},"modified":"2023-07-27T12:52:04","modified_gmt":"2023-07-27T15:52:04","slug":"oleo-de-copaiba-1l-amazon-ervas","status":"publish","type":"product","link":"https:\/\/www.emporioamazonervas.com.br\/index.php\/produto\/oleo-de-copaiba-1l-amazon-ervas\/","title":{"rendered":"\u00d3leo de Copa\u00edba 1L &#8211; Amazon Ervas"},"content":{"rendered":"<p style=\"text-align: justify\">O \u00f3leo de copa\u00edba, ou b\u00e1lsamo de copa\u00edba, \u00e9 um produto resinoso extra\u00eddo do tronco da copaibeira, uma \u00e1rvore da esp\u00e9cie\u00a0<em>Copaifera officinalis<\/em>, com propriedades anti-inflamat\u00f3rias, cicatrizante, analg\u00e9sicas e expectorantes, sendo indicado para ajudar na cicatriza\u00e7\u00e3o de feridas, tosse ou para aliviar os sintomas da artrite, por exemplo.<\/p>\n<p style=\"text-align: justify\">Al\u00e9m disso, o \u00f3leo de copa\u00edba tamb\u00e9m \u00e9 usado em diversas pomadas e cremes anti-inflamat\u00f3rios e cicatrizantes, assim como em lo\u00e7\u00f5es, shampoo anti-caspa, produtos para cuidado oral e acne, sabonetes e produtos para higiene \u00edntima.<\/p>\n","protected":false},"excerpt":{"rendered":"<p>O \u00f3leo de copa\u00edba, ou b\u00e1lsamo de copa\u00edba, \u00e9 um produto resinoso extra\u00eddo do tronco<a class=\"read-more\" href=\"https:\/\/www.emporioamazonervas.com.br\/index.php\/produto\/oleo-de-copaiba-1l-amazon-ervas\/\">&#8230;<\/a><\/p>\n","protected":false},"featured_media":0,"comment_status":"open","ping_status":"closed","template":"","meta":[],"product_cat":[482,57],"product_tag":[],"_links":{"self":[{"href":"https:\/\/www.emporioamazonervas.com.br\/index.php\/wp-json\/wp\/v2\/product\/2994"}],"collection":[{"href":"https:\/\/www.emporioamazonervas.com.br\/index.php\/wp-json\/wp\/v2\/product"}],"about":[{"href":"https:\/\/www.emporioamazonervas.com.br\/index.php\/wp-json\/wp\/v2\/types\/product"}],"replies":[{"embeddable":true,"href":"https:\/\/www.emporioamazonervas.com.br\/index.php\/wp-json\/wp\/v2\/comments?post=2994"}],"wp:attachment":[{"href":"https:\/\/www.emporioamazonervas.com.br\/index.php\/wp-json\/wp\/v2\/media?parent=2994"}],"wp:term":[{"taxonomy":"product_cat","embeddable":true,"href":"https:\/\/www.emporioamazonervas.com.br\/index.php\/wp-json\/wp\/v2\/product_cat?post=2994"},{"taxonomy":"product_tag","embeddable":true,"href":"https:\/\/www.emporioamazonervas.com.br\/index.php\/wp-json\/wp\/v2\/product_tag?post=2994"}],"curies":[{"name":"wp","href":"https:\/\/api.w.org\/{rel}","templated":true}]}}