{"id":2981,"date":"2023-03-24T18:11:34","date_gmt":"2023-03-24T21:11:34","guid":{"rendered":"https:\/\/www.emporioamazonervas.com.br\/?post_type=product&#038;p=2981"},"modified":"2023-04-03T10:58:05","modified_gmt":"2023-04-03T13:58:05","slug":"colageno-hidrolisado-sabor-abacaxi-com-hortela","status":"publish","type":"product","link":"https:\/\/www.emporioamazonervas.com.br\/index.php\/produto\/colageno-hidrolisado-sabor-abacaxi-com-hortela\/","title":{"rendered":"Col\u00e1geno Hidrolisado Sabor: Abacaxi com Hortel\u00e3 300g &#8211; Videira 7"},"content":{"rendered":"<div class=\"descricao-titulo padrao-desc\"><\/div>\n<div class=\"box-descricao\">\n<div class=\"span12\">\n<div class=\"abas-custom\">\n<div class=\"tab-content\">\n<div id=\"descricao\" class=\"tab-pane active\">\n<p style=\"text-align: justify\">O col\u00e1geno hidrolisado \u00e9 um suplemento alimentar que serve para deixar a pele mais firme, combatendo a flacidez, rugas e linhas de express\u00e3o.<\/p>\n<p><strong>Benef\u00edcios<\/strong><\/p>\n<ul>\n<li>Bom para Pele;<\/li>\n<li>Melhora a sustenta\u00e7\u00e3o da pele;<\/li>\n<li>Fortalece ossos e articula\u00e7\u00f5es;<\/li>\n<li>Sa\u00fade das unhas e cabelos;<\/li>\n<li>Aumenta a elasticidade da pele;<\/li>\n<li>Promove a saciedade, ajudando a emagrecer.<\/li>\n<\/ul>\n<\/div>\n<\/div>\n<\/div>\n<\/div>\n<\/div>\n","protected":false},"excerpt":{"rendered":"<p>O col\u00e1geno hidrolisado \u00e9 um suplemento alimentar que serve para deixar a pele mais firme,<a class=\"read-more\" href=\"https:\/\/www.emporioamazonervas.com.br\/index.php\/produto\/colageno-hidrolisado-sabor-abacaxi-com-hortela\/\">&#8230;<\/a><\/p>\n","protected":false},"featured_media":2984,"comment_status":"open","ping_status":"closed","template":"","meta":[],"product_cat":[74],"product_tag":[638,786,737,1033,1034,556,555,557,1035],"_links":{"self":[{"href":"https:\/\/www.emporioamazonervas.com.br\/index.php\/wp-json\/wp\/v2\/product\/2981"}],"collection":[{"href":"https:\/\/www.emporioamazonervas.com.br\/index.php\/wp-json\/wp\/v2\/product"}],"about":[{"href":"https:\/\/www.emporioamazonervas.com.br\/index.php\/wp-json\/wp\/v2\/types\/product"}],"replies":[{"embeddable":true,"href":"https:\/\/www.emporioamazonervas.com.br\/index.php\/wp-json\/wp\/v2\/comments?post=2981"}],"wp:featuredmedia":[{"embeddable":true,"href":"https:\/\/www.emporioamazonervas.com.br\/index.php\/wp-json\/wp\/v2\/media\/2984"}],"wp:attachment":[{"href":"https:\/\/www.emporioamazonervas.com.br\/index.php\/wp-json\/wp\/v2\/media?parent=2981"}],"wp:term":[{"taxonomy":"product_cat","embeddable":true,"href":"https:\/\/www.emporioamazonervas.com.br\/index.php\/wp-json\/wp\/v2\/product_cat?post=2981"},{"taxonomy":"product_tag","embeddable":true,"href":"https:\/\/www.emporioamazonervas.com.br\/index.php\/wp-json\/wp\/v2\/product_tag?post=2981"}],"curies":[{"name":"wp","href":"https:\/\/api.w.org\/{rel}","templated":true}]}}