{"id":2974,"date":"2023-03-23T18:35:33","date_gmt":"2023-03-23T21:35:33","guid":{"rendered":"https:\/\/www.emporioamazonervas.com.br\/?post_type=product&#038;p=2974"},"modified":"2023-04-03T10:59:14","modified_gmt":"2023-04-03T13:59:14","slug":"ginkgo-biloba-e-castanha-da-india-60-caps-500mg-natus-verde","status":"publish","type":"product","link":"https:\/\/www.emporioamazonervas.com.br\/index.php\/produto\/ginkgo-biloba-e-castanha-da-india-60-caps-500mg-natus-verde\/","title":{"rendered":"Ginkgo Biloba e Castanha da \u00cdndia 60 Caps 500mg &#8211; Natus Verde"},"content":{"rendered":"<p style=\"text-align: justify\">Auxilia no tratamento das micro varizes e cansa\u00e7o nas pernas, ajuda no tratamento de artrite, ulceras varicosas, hemorroidas estimula a circula\u00e7\u00e3o e fortalece as paredes dos vasos sangu\u00edneos. Indicado tamb\u00e9m em casos de labirintites, perda de mem\u00f3ria e falta de concentra\u00e7\u00e3o.<\/p>\n","protected":false},"excerpt":{"rendered":"<p>Auxilia no tratamento das micro varizes e cansa\u00e7o nas pernas, ajuda no tratamento de artrite,<a class=\"read-more\" href=\"https:\/\/www.emporioamazonervas.com.br\/index.php\/produto\/ginkgo-biloba-e-castanha-da-india-60-caps-500mg-natus-verde\/\">&#8230;<\/a><\/p>\n","protected":false},"featured_media":2975,"comment_status":"open","ping_status":"closed","template":"","meta":[],"product_cat":[173],"product_tag":[533,775,548,274,592,667,1016,1014,249,708,1031],"_links":{"self":[{"href":"https:\/\/www.emporioamazonervas.com.br\/index.php\/wp-json\/wp\/v2\/product\/2974"}],"collection":[{"href":"https:\/\/www.emporioamazonervas.com.br\/index.php\/wp-json\/wp\/v2\/product"}],"about":[{"href":"https:\/\/www.emporioamazonervas.com.br\/index.php\/wp-json\/wp\/v2\/types\/product"}],"replies":[{"embeddable":true,"href":"https:\/\/www.emporioamazonervas.com.br\/index.php\/wp-json\/wp\/v2\/comments?post=2974"}],"wp:featuredmedia":[{"embeddable":true,"href":"https:\/\/www.emporioamazonervas.com.br\/index.php\/wp-json\/wp\/v2\/media\/2975"}],"wp:attachment":[{"href":"https:\/\/www.emporioamazonervas.com.br\/index.php\/wp-json\/wp\/v2\/media?parent=2974"}],"wp:term":[{"taxonomy":"product_cat","embeddable":true,"href":"https:\/\/www.emporioamazonervas.com.br\/index.php\/wp-json\/wp\/v2\/product_cat?post=2974"},{"taxonomy":"product_tag","embeddable":true,"href":"https:\/\/www.emporioamazonervas.com.br\/index.php\/wp-json\/wp\/v2\/product_tag?post=2974"}],"curies":[{"name":"wp","href":"https:\/\/api.w.org\/{rel}","templated":true}]}}