{"id":2970,"date":"2023-03-23T11:35:17","date_gmt":"2023-03-23T14:35:17","guid":{"rendered":"https:\/\/www.emporioamazonervas.com.br\/?post_type=product&#038;p=2970"},"modified":"2023-04-03T18:57:11","modified_gmt":"2023-04-03T21:57:11","slug":"cascara-sagrada-60-caps-500mg-natus-verde","status":"publish","type":"product","link":"https:\/\/www.emporioamazonervas.com.br\/index.php\/produto\/cascara-sagrada-60-caps-500mg-natus-verde\/","title":{"rendered":"C\u00e1scara Sagrada 60 Caps 500mg &#8211; Natus Verde"},"content":{"rendered":"<p>Combate a pris\u00e3o de ventre, incha\u00e7o abdominal, problema de f\u00edgado e dispepsia. <span style=\"font-size: 1rem\">Auxilia no emagrecimento, <\/span>controla<span style=\"font-size: 1rem\"> o colesterol, tem propriedades diur\u00e9tica e t\u00f4nica.\u00a0\u00a0<\/span><\/p>\n","protected":false},"excerpt":{"rendered":"<p>Combate a pris\u00e3o de ventre, incha\u00e7o abdominal, problema de f\u00edgado e dispepsia. Auxilia no emagrecimento,<a class=\"read-more\" href=\"https:\/\/www.emporioamazonervas.com.br\/index.php\/produto\/cascara-sagrada-60-caps-500mg-natus-verde\/\">&#8230;<\/a><\/p>\n","protected":false},"featured_media":2971,"comment_status":"open","ping_status":"closed","template":"","meta":[],"product_cat":[173],"product_tag":[704,227,784,283,235,746,712],"_links":{"self":[{"href":"https:\/\/www.emporioamazonervas.com.br\/index.php\/wp-json\/wp\/v2\/product\/2970"}],"collection":[{"href":"https:\/\/www.emporioamazonervas.com.br\/index.php\/wp-json\/wp\/v2\/product"}],"about":[{"href":"https:\/\/www.emporioamazonervas.com.br\/index.php\/wp-json\/wp\/v2\/types\/product"}],"replies":[{"embeddable":true,"href":"https:\/\/www.emporioamazonervas.com.br\/index.php\/wp-json\/wp\/v2\/comments?post=2970"}],"wp:featuredmedia":[{"embeddable":true,"href":"https:\/\/www.emporioamazonervas.com.br\/index.php\/wp-json\/wp\/v2\/media\/2971"}],"wp:attachment":[{"href":"https:\/\/www.emporioamazonervas.com.br\/index.php\/wp-json\/wp\/v2\/media?parent=2970"}],"wp:term":[{"taxonomy":"product_cat","embeddable":true,"href":"https:\/\/www.emporioamazonervas.com.br\/index.php\/wp-json\/wp\/v2\/product_cat?post=2970"},{"taxonomy":"product_tag","embeddable":true,"href":"https:\/\/www.emporioamazonervas.com.br\/index.php\/wp-json\/wp\/v2\/product_tag?post=2970"}],"curies":[{"name":"wp","href":"https:\/\/api.w.org\/{rel}","templated":true}]}}