{"id":2967,"date":"2023-03-23T11:28:04","date_gmt":"2023-03-23T14:28:04","guid":{"rendered":"https:\/\/www.emporioamazonervas.com.br\/?post_type=product&#038;p=2967"},"modified":"2023-06-02T02:50:58","modified_gmt":"2023-06-02T05:50:58","slug":"desincha-body-60-caps-500mg-natus-verde","status":"publish","type":"product","link":"https:\/\/www.emporioamazonervas.com.br\/index.php\/produto\/desincha-body-60-caps-500mg-natus-verde\/","title":{"rendered":"Desincha Body 60 Caps 500mg &#8211; Natus Verde"},"content":{"rendered":"<p>Desincha \u00e9 um produto natural, ideal para quem quer emagrecer de maneira saud\u00e1vel.<br \/>\nSua composi\u00e7\u00e3o cont\u00e9m 10 extratos naturais que auxilia diretamente na queima de gorduras, no sistema digestivo e na elimina\u00e7\u00e3o de l\u00edquidos.<\/p>\n<ul style=\"margin-bottom: 1.71429rem;line-height: 1.71429\">\n<li style=\"margin-left: 1.71429rem\">Desenvolvido para eliminar a reten\u00e7\u00e3o de l\u00edquidos que causa incha\u00e7o no corpo.<\/li>\n<li style=\"margin-left: 1.71429rem\">Reduz a absor\u00e7\u00e3o de gordura auxiliando na perda de peso.<\/li>\n<li style=\"margin-left: 1.71429rem\">Tamb\u00e9m favorece o aumento de energia f\u00edsica.<\/li>\n<\/ul>\n<p><strong>Composi\u00e7\u00e3o:<\/strong><\/p>\n<p>Ch\u00e1 verde, Quitosana, Psyllium, Carqueja, Mate verde, Hortel\u00e3, Gengibre, Guaran\u00e1, S\u00e1lvia e Alecrim.<\/p>\n<p><strong>Ch\u00e1 verde:<\/strong>\u00a0O principal benef\u00edcio do ch\u00e1 verde \u00e9 ajudar a emagrecer. Ele acelera o metabolismo e faz com que o organismo gaste mais energia e perca peso naturalmente.<\/p>\n<p><strong>Quitosana:\u00a0<\/strong>Elimina a gordura do corpo e ainda acelerar o metabolismo, trazendo tamb\u00e9m a sensa\u00e7\u00e3o de saciedade. Todos esses fatores combinados produzir\u00e3o o efeito que a quitosana alega ser verdadeiro: a queima e elimina\u00e7\u00e3o de gordura sem nenhum esfor\u00e7o.<\/p>\n<p><strong>Psyllium:<\/strong>\u00a0Promove maior sensa\u00e7\u00e3o de saciedade assim diminuindo o apetite.<\/p>\n<p><strong>Carqueja:<\/strong>\u00a0A carqueja \u00e9 aliada do f\u00edgado e contribui para uma boa digest\u00e3o. Ela elimina o excesso de l\u00edquidos e o incha\u00e7o do corpo, al\u00e9m de ser um \u00f3timo termog\u00eanico.<\/p>\n<p><strong>Mate verde:<\/strong>\u00a0O mate verde aumenta a energia, a disposi\u00e7\u00e3o e \u00e9 um poderoso antioxidante. Sua propriedade termog\u00eanica \u00e9 capaz de aumentar o gasto cal\u00f3rico em at\u00e9 100 calorias por dia.<\/p>\n<p><strong>Hortel\u00e3:<\/strong>\u00a0Al\u00e9m de delicioso o Hortel\u00e3 fortalece o sistema imunol\u00f3gico, diminui o cansa\u00e7o e a fadiga. Ele tamb\u00e9m ajuda a emagrecer eliminando toxinas do corpo.<\/p>\n<p><strong>Gengibre:\u00a0<\/strong>Essencial para o emagrecimento, o gengibre \u00e9 capaz de aumentar o gasto cal\u00f3rico em at\u00e9 10%. Al\u00e9m disso, ele acaba com o incha\u00e7o ajudando na digest\u00e3o de alimentos gordurosos.<\/p>\n<p><strong>Guaran\u00e1:\u00a0<\/strong>O guaran\u00e1 \u00e9 bastante conhecido por ser um energ\u00e9tico natural. Ele proporciona mais energia e disposi\u00e7\u00e3o. Al\u00e9m de aumentar o metabolismo e ajudar a promover a perda de peso.<\/p>\n<p><strong>S\u00e1lvia:<\/strong>\u00a0A S\u00e1lvia \u00e9 essencial para o emagrecimento por ser poderosa em desintoxicar e eliminar l\u00edquidos desnecess\u00e1rios que d\u00e3o aquela sensa\u00e7\u00e3o de incha\u00e7o no corpo.<\/p>\n<p><strong>Alecrim:<\/strong>\u00a0O alecrim possui propriedades que aumentam a saciedade, fazendo a pessoa comer menos e, al\u00e9m disso, regula o funcionamento do intestino, ajudando a emagrecer com sa\u00fade.<\/p>\n","protected":false},"excerpt":{"rendered":"<p>Desincha \u00e9 um produto natural, ideal para quem quer emagrecer de maneira saud\u00e1vel. Sua composi\u00e7\u00e3o<a class=\"read-more\" href=\"https:\/\/www.emporioamazonervas.com.br\/index.php\/produto\/desincha-body-60-caps-500mg-natus-verde\/\">&#8230;<\/a><\/p>\n","protected":false},"featured_media":2969,"comment_status":"open","ping_status":"closed","template":"","meta":[],"product_cat":[173],"product_tag":[634,455,771,782,229,784,134,135,104,1028,633,220,553,990,780,888,133],"_links":{"self":[{"href":"https:\/\/www.emporioamazonervas.com.br\/index.php\/wp-json\/wp\/v2\/product\/2967"}],"collection":[{"href":"https:\/\/www.emporioamazonervas.com.br\/index.php\/wp-json\/wp\/v2\/product"}],"about":[{"href":"https:\/\/www.emporioamazonervas.com.br\/index.php\/wp-json\/wp\/v2\/types\/product"}],"replies":[{"embeddable":true,"href":"https:\/\/www.emporioamazonervas.com.br\/index.php\/wp-json\/wp\/v2\/comments?post=2967"}],"wp:featuredmedia":[{"embeddable":true,"href":"https:\/\/www.emporioamazonervas.com.br\/index.php\/wp-json\/wp\/v2\/media\/2969"}],"wp:attachment":[{"href":"https:\/\/www.emporioamazonervas.com.br\/index.php\/wp-json\/wp\/v2\/media?parent=2967"}],"wp:term":[{"taxonomy":"product_cat","embeddable":true,"href":"https:\/\/www.emporioamazonervas.com.br\/index.php\/wp-json\/wp\/v2\/product_cat?post=2967"},{"taxonomy":"product_tag","embeddable":true,"href":"https:\/\/www.emporioamazonervas.com.br\/index.php\/wp-json\/wp\/v2\/product_tag?post=2967"}],"curies":[{"name":"wp","href":"https:\/\/api.w.org\/{rel}","templated":true}]}}