{"id":2965,"date":"2023-03-22T18:49:08","date_gmt":"2023-03-22T21:49:08","guid":{"rendered":"https:\/\/www.emporioamazonervas.com.br\/?post_type=product&#038;p=2965"},"modified":"2023-06-02T03:12:44","modified_gmt":"2023-06-02T06:12:44","slug":"saw-palmetto-60-caps-500mg-natus-verde","status":"publish","type":"product","link":"https:\/\/www.emporioamazonervas.com.br\/index.php\/produto\/saw-palmetto-60-caps-500mg-natus-verde\/","title":{"rendered":"Saw Palmetto 60 Caps 500mg &#8211; Natus Verde"},"content":{"rendered":"<p>O saw palmetto ajuda a prevenir contra o c\u00e2ncer de pr\u00f3stata, trata a infec\u00e7\u00e3o urin\u00e1ria, ejacula\u00e7\u00e3o precoce, impot\u00eancia sexual, aumenta os n\u00edveis de testosterona, queda de cabelo, eczema, tosse e asma.<\/p>\n","protected":false},"excerpt":{"rendered":"<p>O saw palmetto ajuda a prevenir contra o c\u00e2ncer de pr\u00f3stata, trata a infec\u00e7\u00e3o urin\u00e1ria,<a class=\"read-more\" href=\"https:\/\/www.emporioamazonervas.com.br\/index.php\/produto\/saw-palmetto-60-caps-500mg-natus-verde\/\">&#8230;<\/a><\/p>\n","protected":false},"featured_media":2966,"comment_status":"open","ping_status":"closed","template":"","meta":[],"product_cat":[173],"product_tag":[576,621,599,327,315,1027,385,761,536],"_links":{"self":[{"href":"https:\/\/www.emporioamazonervas.com.br\/index.php\/wp-json\/wp\/v2\/product\/2965"}],"collection":[{"href":"https:\/\/www.emporioamazonervas.com.br\/index.php\/wp-json\/wp\/v2\/product"}],"about":[{"href":"https:\/\/www.emporioamazonervas.com.br\/index.php\/wp-json\/wp\/v2\/types\/product"}],"replies":[{"embeddable":true,"href":"https:\/\/www.emporioamazonervas.com.br\/index.php\/wp-json\/wp\/v2\/comments?post=2965"}],"wp:featuredmedia":[{"embeddable":true,"href":"https:\/\/www.emporioamazonervas.com.br\/index.php\/wp-json\/wp\/v2\/media\/2966"}],"wp:attachment":[{"href":"https:\/\/www.emporioamazonervas.com.br\/index.php\/wp-json\/wp\/v2\/media?parent=2965"}],"wp:term":[{"taxonomy":"product_cat","embeddable":true,"href":"https:\/\/www.emporioamazonervas.com.br\/index.php\/wp-json\/wp\/v2\/product_cat?post=2965"},{"taxonomy":"product_tag","embeddable":true,"href":"https:\/\/www.emporioamazonervas.com.br\/index.php\/wp-json\/wp\/v2\/product_tag?post=2965"}],"curies":[{"name":"wp","href":"https:\/\/api.w.org\/{rel}","templated":true}]}}