{"id":2960,"date":"2023-03-22T18:22:26","date_gmt":"2023-03-22T21:22:26","guid":{"rendered":"https:\/\/www.emporioamazonervas.com.br\/?post_type=product&#038;p=2960"},"modified":"2023-08-07T16:37:14","modified_gmt":"2023-08-07T19:37:14","slug":"melao-sao-caetano-60-caps-500mg-natus-verde","status":"publish","type":"product","link":"https:\/\/www.emporioamazonervas.com.br\/index.php\/produto\/melao-sao-caetano-60-caps-500mg-natus-verde\/","title":{"rendered":"Mel\u00e3o S\u00e3o Caetano 60 Caps 500mg &#8211; Natus Verde"},"content":{"rendered":"<p style=\"text-align: justify\">O Mel\u00e3o de S\u00e3o Caetano \u00e9 uma alternativa que tem sido usado para baixar os n\u00edveis de glicose no sangue em pacientes com diabetes Mellitus do tipo II, possivelmente atrav\u00e9s da redu\u00e7\u00e3o dos danos oxidativos, inibi\u00e7\u00e3o de enzimas de hidr\u00f3lise de hidratos de carbono, preserva\u00e7\u00e3o das c\u00e9lulas beta-pancre\u00e1ticas e aumento na resist\u00eancia \u00e0 insulina, bem como a absor\u00e7\u00e3o de glicose pelas c\u00e9lulas do f\u00edgado e tecidos adiposos e perif\u00e9ricos.<\/p>\n","protected":false},"excerpt":{"rendered":"<p>O Mel\u00e3o de S\u00e3o Caetano \u00e9 uma alternativa que tem sido usado para baixar os<a class=\"read-more\" href=\"https:\/\/www.emporioamazonervas.com.br\/index.php\/produto\/melao-sao-caetano-60-caps-500mg-natus-verde\/\">&#8230;<\/a><\/p>\n","protected":false},"featured_media":2961,"comment_status":"open","ping_status":"closed","template":"","meta":[],"product_cat":[173],"product_tag":[614,693,567,674,949,1024],"_links":{"self":[{"href":"https:\/\/www.emporioamazonervas.com.br\/index.php\/wp-json\/wp\/v2\/product\/2960"}],"collection":[{"href":"https:\/\/www.emporioamazonervas.com.br\/index.php\/wp-json\/wp\/v2\/product"}],"about":[{"href":"https:\/\/www.emporioamazonervas.com.br\/index.php\/wp-json\/wp\/v2\/types\/product"}],"replies":[{"embeddable":true,"href":"https:\/\/www.emporioamazonervas.com.br\/index.php\/wp-json\/wp\/v2\/comments?post=2960"}],"wp:featuredmedia":[{"embeddable":true,"href":"https:\/\/www.emporioamazonervas.com.br\/index.php\/wp-json\/wp\/v2\/media\/2961"}],"wp:attachment":[{"href":"https:\/\/www.emporioamazonervas.com.br\/index.php\/wp-json\/wp\/v2\/media?parent=2960"}],"wp:term":[{"taxonomy":"product_cat","embeddable":true,"href":"https:\/\/www.emporioamazonervas.com.br\/index.php\/wp-json\/wp\/v2\/product_cat?post=2960"},{"taxonomy":"product_tag","embeddable":true,"href":"https:\/\/www.emporioamazonervas.com.br\/index.php\/wp-json\/wp\/v2\/product_tag?post=2960"}],"curies":[{"name":"wp","href":"https:\/\/api.w.org\/{rel}","templated":true}]}}