{"id":2955,"date":"2023-03-21T17:43:48","date_gmt":"2023-03-21T20:43:48","guid":{"rendered":"https:\/\/www.emporioamazonervas.com.br\/?post_type=product&#038;p=2955"},"modified":"2023-03-24T10:17:35","modified_gmt":"2023-03-24T13:17:35","slug":"canela-de-velho-com-sucupira-60-caps-500mg-natus-verde","status":"publish","type":"product","link":"https:\/\/www.emporioamazonervas.com.br\/index.php\/produto\/canela-de-velho-com-sucupira-60-caps-500mg-natus-verde\/","title":{"rendered":"Canela de Velho com Sucupira 60 Caps 500mg &#8211; Natus Verde"},"content":{"rendered":"<p style=\"text-align: justify\">A Canela de Velho junto com a Sucupira se torna um poderoso anti-inflamat\u00f3rio natural alternativo para artrose, artrite, coluna, dores no joelho e dores nas articula\u00e7\u00f5es em geral.<\/p>\n<p>A canela-de-velho, Miconia albicans, \u00e9 uma planta muito comum no Nordeste brasileiro. Pertence ao g\u00eanero bot\u00e2nico Miconia, da fam\u00edlia Melastomataceae, que tem diversas contribui\u00e7\u00f5es na cultura popular para o tratamento de artrose, dores nos joelhos, fibromialgia e demais dores \u00f3sseas.<\/p>\n<p>H\u00e1 muito tempo atr\u00e1s, os ind\u00edgenas j\u00e1 utilizavam a Sucupira para o tratamento de diversos males, tomando o ch\u00e1 ou infus\u00e3o desta planta.<\/p>\n","protected":false},"excerpt":{"rendered":"<p>A Canela de Velho junto com a Sucupira se torna um poderoso anti-inflamat\u00f3rio natural alternativo<a class=\"read-more\" href=\"https:\/\/www.emporioamazonervas.com.br\/index.php\/produto\/canela-de-velho-com-sucupira-60-caps-500mg-natus-verde\/\">&#8230;<\/a><\/p>\n","protected":false},"featured_media":2956,"comment_status":"open","ping_status":"closed","template":"","meta":[],"product_cat":[173],"product_tag":[680,507,533,585,646,1022,713,580,1012],"_links":{"self":[{"href":"https:\/\/www.emporioamazonervas.com.br\/index.php\/wp-json\/wp\/v2\/product\/2955"}],"collection":[{"href":"https:\/\/www.emporioamazonervas.com.br\/index.php\/wp-json\/wp\/v2\/product"}],"about":[{"href":"https:\/\/www.emporioamazonervas.com.br\/index.php\/wp-json\/wp\/v2\/types\/product"}],"replies":[{"embeddable":true,"href":"https:\/\/www.emporioamazonervas.com.br\/index.php\/wp-json\/wp\/v2\/comments?post=2955"}],"wp:featuredmedia":[{"embeddable":true,"href":"https:\/\/www.emporioamazonervas.com.br\/index.php\/wp-json\/wp\/v2\/media\/2956"}],"wp:attachment":[{"href":"https:\/\/www.emporioamazonervas.com.br\/index.php\/wp-json\/wp\/v2\/media?parent=2955"}],"wp:term":[{"taxonomy":"product_cat","embeddable":true,"href":"https:\/\/www.emporioamazonervas.com.br\/index.php\/wp-json\/wp\/v2\/product_cat?post=2955"},{"taxonomy":"product_tag","embeddable":true,"href":"https:\/\/www.emporioamazonervas.com.br\/index.php\/wp-json\/wp\/v2\/product_tag?post=2955"}],"curies":[{"name":"wp","href":"https:\/\/api.w.org\/{rel}","templated":true}]}}