{"id":2953,"date":"2023-03-21T17:17:23","date_gmt":"2023-03-21T20:17:23","guid":{"rendered":"https:\/\/www.emporioamazonervas.com.br\/?post_type=product&#038;p=2953"},"modified":"2023-03-24T10:17:46","modified_gmt":"2023-03-24T13:17:46","slug":"castanha-da-india-60-caps-500mg-natus-verde","status":"publish","type":"product","link":"https:\/\/www.emporioamazonervas.com.br\/index.php\/produto\/castanha-da-india-60-caps-500mg-natus-verde\/","title":{"rendered":"Castanha da \u00cdndia 60 Caps 500mg &#8211; Natus Verde"},"content":{"rendered":"<p>Benef\u00edcios da Castanha da \u00cdndia:<\/p>\n<ul>\n<li>A castanha da \u00cdndia \u00e9 muito utilizada para o tratamento de hemorroidas e varizes.<br \/>\nAl\u00e9m disso, tamb\u00e9m \u00e9 indicada nos seguintes casos:<\/li>\n<li>Para diminuir incha\u00e7os<\/li>\n<li>reduzir sensa\u00e7\u00e3o de peso<\/li>\n<li>Diminuir dores nas pernas<\/li>\n<li>Melhorar o apetite<\/li>\n<li>Melhora a digest\u00e3o<\/li>\n<li>Reduzir c\u00f3licas menstruais<\/li>\n<li>No tratamento de dores nas veias<\/li>\n<li>Tratamento de insufici\u00eancia venosa, como sensa\u00e7\u00e3o de dor e peso nas pernas<\/li>\n<li>Alivio de c\u00e2imbras<\/li>\n<li>Melhorar a circula\u00e7\u00e3o sangu\u00ednea.<\/li>\n<li>Coceira no couro cabeludo e fragilidade capilar.<\/li>\n<\/ul>\n","protected":false},"excerpt":{"rendered":"<p>Benef\u00edcios da Castanha da \u00cdndia: A castanha da \u00cdndia \u00e9 muito utilizada para o tratamento<a class=\"read-more\" href=\"https:\/\/www.emporioamazonervas.com.br\/index.php\/produto\/castanha-da-india-60-caps-500mg-natus-verde\/\">&#8230;<\/a><\/p>\n","protected":false},"featured_media":2954,"comment_status":"open","ping_status":"closed","template":"","meta":[],"product_cat":[173],"product_tag":[704,606,1019,274,592,528,1021,1016,708,1020,930],"_links":{"self":[{"href":"https:\/\/www.emporioamazonervas.com.br\/index.php\/wp-json\/wp\/v2\/product\/2953"}],"collection":[{"href":"https:\/\/www.emporioamazonervas.com.br\/index.php\/wp-json\/wp\/v2\/product"}],"about":[{"href":"https:\/\/www.emporioamazonervas.com.br\/index.php\/wp-json\/wp\/v2\/types\/product"}],"replies":[{"embeddable":true,"href":"https:\/\/www.emporioamazonervas.com.br\/index.php\/wp-json\/wp\/v2\/comments?post=2953"}],"wp:featuredmedia":[{"embeddable":true,"href":"https:\/\/www.emporioamazonervas.com.br\/index.php\/wp-json\/wp\/v2\/media\/2954"}],"wp:attachment":[{"href":"https:\/\/www.emporioamazonervas.com.br\/index.php\/wp-json\/wp\/v2\/media?parent=2953"}],"wp:term":[{"taxonomy":"product_cat","embeddable":true,"href":"https:\/\/www.emporioamazonervas.com.br\/index.php\/wp-json\/wp\/v2\/product_cat?post=2953"},{"taxonomy":"product_tag","embeddable":true,"href":"https:\/\/www.emporioamazonervas.com.br\/index.php\/wp-json\/wp\/v2\/product_tag?post=2953"}],"curies":[{"name":"wp","href":"https:\/\/api.w.org\/{rel}","templated":true}]}}