{"id":2950,"date":"2023-03-21T12:15:07","date_gmt":"2023-03-21T15:15:07","guid":{"rendered":"https:\/\/www.emporioamazonervas.com.br\/?post_type=product&#038;p=2950"},"modified":"2023-03-24T10:17:59","modified_gmt":"2023-03-24T13:17:59","slug":"garra-d-60-caps-500mg-natus-verde","status":"publish","type":"product","link":"https:\/\/www.emporioamazonervas.com.br\/index.php\/produto\/garra-d-60-caps-500mg-natus-verde\/","title":{"rendered":"Garra D 60 Caps 500mg &#8211; Natus Verde"},"content":{"rendered":"<p style=\"text-align: justify\"><span style=\"font-size: 1rem\">A <\/span><span style=\"font-size: 1rem\">Garra D, \u00e9 um tub\u00e9rculo utilizado como anti-inflamat\u00f3rio, analg\u00e9sico, antirreum\u00e1tico, sedativo, antiespasm\u00f3dica e estimulante digestivo. <\/span>Auxilia no tratamento de doen\u00e7as reum\u00e1ticas e degenerativas do sistema locomotor como artrite, artrose, gota, bursite, fibromialgia, tendinite, reumatismo <span style=\"font-size: 1rem\">e outros quadros que envolvam dores lombares, musculas e nas articula\u00e7\u00f5es e ossos.<\/span><span style=\"font-size: 1rem\">. Usado para dores musculares, dor nas costas e d0res em geral, febre, enxaquecas, problemas menstruais, rea\u00e7\u00f5es al\u00e9rgicas e problemas renais<\/span><span style=\"font-size: 1rem\"> e hep\u00e1ticos.\u00a0<\/span><\/p>\n<p style=\"text-align: justify\">\u00a0Al\u00e9m disso, entre os benef\u00edcios da Garra do Diabo est\u00e1 o equil\u00edbrio do \u00e1cido \u00farico, o fortalecimento do sistema imunol\u00f3gico, o favorecimento do colesterol que \u00e9 considerado bom para o organismo e o controle dos n\u00edveis de colesterol nocivo.<\/p>\n<p>Ademais, a Garra do Diabo tem propriedades dexintoxicantes, agindo sobre o f\u00edgado, e estimulantes para o sistema digestivo. Pode ser utilizada, tamb\u00e9m, para baixar a febre.\u00a0A planta age, principalmente, como propriedade anti-inflamat\u00f3ria no organismo, proporcionando al\u00edvio das dores e relaxamento muscular devido \u00e0s suas propriedades analg\u00e9sico e sedativo.<\/p>\n","protected":false},"excerpt":{"rendered":"<p>A Garra D, \u00e9 um tub\u00e9rculo utilizado como anti-inflamat\u00f3rio, analg\u00e9sico, antirreum\u00e1tico, sedativo, antiespasm\u00f3dica e estimulante<a class=\"read-more\" href=\"https:\/\/www.emporioamazonervas.com.br\/index.php\/produto\/garra-d-60-caps-500mg-natus-verde\/\">&#8230;<\/a><\/p>\n","protected":false},"featured_media":2952,"comment_status":"open","ping_status":"closed","template":"","meta":[],"product_cat":[173],"product_tag":[680,507,541,646,713,894,1018,534,1012,934],"_links":{"self":[{"href":"https:\/\/www.emporioamazonervas.com.br\/index.php\/wp-json\/wp\/v2\/product\/2950"}],"collection":[{"href":"https:\/\/www.emporioamazonervas.com.br\/index.php\/wp-json\/wp\/v2\/product"}],"about":[{"href":"https:\/\/www.emporioamazonervas.com.br\/index.php\/wp-json\/wp\/v2\/types\/product"}],"replies":[{"embeddable":true,"href":"https:\/\/www.emporioamazonervas.com.br\/index.php\/wp-json\/wp\/v2\/comments?post=2950"}],"wp:featuredmedia":[{"embeddable":true,"href":"https:\/\/www.emporioamazonervas.com.br\/index.php\/wp-json\/wp\/v2\/media\/2952"}],"wp:attachment":[{"href":"https:\/\/www.emporioamazonervas.com.br\/index.php\/wp-json\/wp\/v2\/media?parent=2950"}],"wp:term":[{"taxonomy":"product_cat","embeddable":true,"href":"https:\/\/www.emporioamazonervas.com.br\/index.php\/wp-json\/wp\/v2\/product_cat?post=2950"},{"taxonomy":"product_tag","embeddable":true,"href":"https:\/\/www.emporioamazonervas.com.br\/index.php\/wp-json\/wp\/v2\/product_tag?post=2950"}],"curies":[{"name":"wp","href":"https:\/\/api.w.org\/{rel}","templated":true}]}}