{"id":2945,"date":"2023-03-21T12:06:25","date_gmt":"2023-03-21T15:06:25","guid":{"rendered":"https:\/\/www.emporioamazonervas.com.br\/?post_type=product&#038;p=2945"},"modified":"2023-03-21T17:29:21","modified_gmt":"2023-03-21T20:29:21","slug":"moringa-oleifera-60-caps-500mg-natus-verde","status":"publish","type":"product","link":"https:\/\/www.emporioamazonervas.com.br\/index.php\/produto\/moringa-oleifera-60-caps-500mg-natus-verde\/","title":{"rendered":"Moringa Ole\u00edfera 60 Caps 500mg &#8211; Natus Verde"},"content":{"rendered":"<p style=\"text-align: justify\">Efeito antioxidante e outros fitonutrientes a moringa ajuda a tratar hemorroidas, protege o sistema imunol\u00f3gico, previne contra o envelhecimento da pele, ajuda\u00a0 na queima de gordura corporal, ajuda a controlar a diabetes e protege o cora\u00e7\u00e3o de doen\u00e7as. A moringa tamb\u00e9m \u00e9 rica em vitamina C, c\u00e1lcio, vitamina A, pot\u00e1ssio e ferro.<\/p>\n","protected":false},"excerpt":{"rendered":"<p>Efeito antioxidante e outros fitonutrientes a moringa ajuda a tratar hemorroidas, protege o sistema imunol\u00f3gico,<a class=\"read-more\" href=\"https:\/\/www.emporioamazonervas.com.br\/index.php\/produto\/moringa-oleifera-60-caps-500mg-natus-verde\/\">&#8230;<\/a><\/p>\n","protected":false},"featured_media":2947,"comment_status":"open","ping_status":"closed","template":"","meta":[],"product_cat":[173],"product_tag":[507,266,693,795,298,1016,467,970,551,765,112,113],"_links":{"self":[{"href":"https:\/\/www.emporioamazonervas.com.br\/index.php\/wp-json\/wp\/v2\/product\/2945"}],"collection":[{"href":"https:\/\/www.emporioamazonervas.com.br\/index.php\/wp-json\/wp\/v2\/product"}],"about":[{"href":"https:\/\/www.emporioamazonervas.com.br\/index.php\/wp-json\/wp\/v2\/types\/product"}],"replies":[{"embeddable":true,"href":"https:\/\/www.emporioamazonervas.com.br\/index.php\/wp-json\/wp\/v2\/comments?post=2945"}],"wp:featuredmedia":[{"embeddable":true,"href":"https:\/\/www.emporioamazonervas.com.br\/index.php\/wp-json\/wp\/v2\/media\/2947"}],"wp:attachment":[{"href":"https:\/\/www.emporioamazonervas.com.br\/index.php\/wp-json\/wp\/v2\/media?parent=2945"}],"wp:term":[{"taxonomy":"product_cat","embeddable":true,"href":"https:\/\/www.emporioamazonervas.com.br\/index.php\/wp-json\/wp\/v2\/product_cat?post=2945"},{"taxonomy":"product_tag","embeddable":true,"href":"https:\/\/www.emporioamazonervas.com.br\/index.php\/wp-json\/wp\/v2\/product_tag?post=2945"}],"curies":[{"name":"wp","href":"https:\/\/api.w.org\/{rel}","templated":true}]}}