{"id":2943,"date":"2023-03-21T11:45:06","date_gmt":"2023-03-21T14:45:06","guid":{"rendered":"https:\/\/www.emporioamazonervas.com.br\/?post_type=product&#038;p=2943"},"modified":"2023-03-21T17:29:33","modified_gmt":"2023-03-21T20:29:33","slug":"mama-cadela-60-caps-500mg-natus-verde","status":"publish","type":"product","link":"https:\/\/www.emporioamazonervas.com.br\/index.php\/produto\/mama-cadela-60-caps-500mg-natus-verde\/","title":{"rendered":"Mama Cadela 60 Caps 500mg &#8211; Natus Verde"},"content":{"rendered":"<p style=\"text-align: justify\">A mama-cadela possui a\u00e7\u00e3o fotossensibilizante, anti-helm\u00edntica, antimicrobiana e depurativa. Assim, essa planta pode ser usada para ajudar no tratamento de:<\/p>\n<p>Inflama\u00e7\u00f5es;<br \/>\nAuxilia no tratamento de infec\u00e7\u00f5es por parasitas, bact\u00e9rias e fungos<br \/>\nM\u00e1-circula\u00e7\u00e3o<br \/>\nDoen\u00e7as reum\u00e1ticas<br \/>\nAuxilia no tratamento respirat\u00f3rios, como resfriado, gripe e bronquite<\/p>\n<p>Apesar de ser utilizada nas situa\u00e7\u00f5es j\u00e1 citadas, a mama-cadela \u00e9 utilizada principalmente para tratar problemas em que h\u00e1 altera\u00e7\u00f5es na pigmenta\u00e7\u00e3o da pele, como no caso da psor\u00edase, hansen\u00edase, eczema e vitiligo, principalmente. Isso porque essa planta medicinal \u00e9 composta por subst\u00e2ncias capazes de estimular a produ\u00e7\u00e3o de melanina, que \u00e9 o pigmento que d\u00e1 a cor \u00e0 pele, ajudando no processo de repigmenta\u00e7\u00e3o da pele.<\/p>\n","protected":false},"excerpt":{"rendered":"<p>A mama-cadela possui a\u00e7\u00e3o fotossensibilizante, anti-helm\u00edntica, antimicrobiana e depurativa. Assim, essa planta pode ser usada<a class=\"read-more\" href=\"https:\/\/www.emporioamazonervas.com.br\/index.php\/produto\/mama-cadela-60-caps-500mg-natus-verde\/\">&#8230;<\/a><\/p>\n","protected":false},"featured_media":2944,"comment_status":"open","ping_status":"closed","template":"","meta":[],"product_cat":[173],"product_tag":[507,933,710,682,741,891,879,878,556,1015],"_links":{"self":[{"href":"https:\/\/www.emporioamazonervas.com.br\/index.php\/wp-json\/wp\/v2\/product\/2943"}],"collection":[{"href":"https:\/\/www.emporioamazonervas.com.br\/index.php\/wp-json\/wp\/v2\/product"}],"about":[{"href":"https:\/\/www.emporioamazonervas.com.br\/index.php\/wp-json\/wp\/v2\/types\/product"}],"replies":[{"embeddable":true,"href":"https:\/\/www.emporioamazonervas.com.br\/index.php\/wp-json\/wp\/v2\/comments?post=2943"}],"wp:featuredmedia":[{"embeddable":true,"href":"https:\/\/www.emporioamazonervas.com.br\/index.php\/wp-json\/wp\/v2\/media\/2944"}],"wp:attachment":[{"href":"https:\/\/www.emporioamazonervas.com.br\/index.php\/wp-json\/wp\/v2\/media?parent=2943"}],"wp:term":[{"taxonomy":"product_cat","embeddable":true,"href":"https:\/\/www.emporioamazonervas.com.br\/index.php\/wp-json\/wp\/v2\/product_cat?post=2943"},{"taxonomy":"product_tag","embeddable":true,"href":"https:\/\/www.emporioamazonervas.com.br\/index.php\/wp-json\/wp\/v2\/product_tag?post=2943"}],"curies":[{"name":"wp","href":"https:\/\/api.w.org\/{rel}","templated":true}]}}