{"id":2941,"date":"2023-03-21T11:21:20","date_gmt":"2023-03-21T14:21:20","guid":{"rendered":"https:\/\/www.emporioamazonervas.com.br\/?post_type=product&#038;p=2941"},"modified":"2023-03-21T17:29:46","modified_gmt":"2023-03-21T20:29:46","slug":"ginkgo-biloba-60-caps-500mg-natus-verde","status":"publish","type":"product","link":"https:\/\/www.emporioamazonervas.com.br\/index.php\/produto\/ginkgo-biloba-60-caps-500mg-natus-verde\/","title":{"rendered":"Ginkgo Biloba 60 Caps 500mg &#8211; Natus Verde"},"content":{"rendered":"<p style=\"text-align: justify\">Anti-inflamat\u00f3rio e antioxidante, melhora o fluxo de sangue do organismo. Ajuda a combater a ansiedade, auxilia na mem\u00f3ria e a sa\u00fade mental. Mant\u00e9m est\u00e1vel a press\u00e3o arterial protegendo o cora\u00e7\u00e3o.<\/p>\n<p style=\"text-align: justify\">Indicado para tratamento de desordens da mem\u00f3ria, dist\u00farbios de aten\u00e7\u00e3o, diminui\u00e7\u00e3o da capacidade auditiva, casos de vertigens e labirintite. Tamb\u00e9m \u00e9 indicado como estimulante do sistema nervoso central, t\u00f4nico pulmonar e card\u00edaco, estimulante do apetite sexual, regulador da press\u00e3o sangu\u00ednea, regenerador celular e estimulante da circula\u00e7\u00e3o sangu\u00ednea.<\/p>\n","protected":false},"excerpt":{"rendered":"<p>Anti-inflamat\u00f3rio e antioxidante, melhora o fluxo de sangue do organismo. Ajuda a combater a ansiedade,<a class=\"read-more\" href=\"https:\/\/www.emporioamazonervas.com.br\/index.php\/produto\/ginkgo-biloba-60-caps-500mg-natus-verde\/\">&#8230;<\/a><\/p>\n","protected":false},"featured_media":2942,"comment_status":"open","ping_status":"closed","template":"","meta":[],"product_cat":[173],"product_tag":[754,592,890,667,1014,249,569,686,551],"_links":{"self":[{"href":"https:\/\/www.emporioamazonervas.com.br\/index.php\/wp-json\/wp\/v2\/product\/2941"}],"collection":[{"href":"https:\/\/www.emporioamazonervas.com.br\/index.php\/wp-json\/wp\/v2\/product"}],"about":[{"href":"https:\/\/www.emporioamazonervas.com.br\/index.php\/wp-json\/wp\/v2\/types\/product"}],"replies":[{"embeddable":true,"href":"https:\/\/www.emporioamazonervas.com.br\/index.php\/wp-json\/wp\/v2\/comments?post=2941"}],"wp:featuredmedia":[{"embeddable":true,"href":"https:\/\/www.emporioamazonervas.com.br\/index.php\/wp-json\/wp\/v2\/media\/2942"}],"wp:attachment":[{"href":"https:\/\/www.emporioamazonervas.com.br\/index.php\/wp-json\/wp\/v2\/media?parent=2941"}],"wp:term":[{"taxonomy":"product_cat","embeddable":true,"href":"https:\/\/www.emporioamazonervas.com.br\/index.php\/wp-json\/wp\/v2\/product_cat?post=2941"},{"taxonomy":"product_tag","embeddable":true,"href":"https:\/\/www.emporioamazonervas.com.br\/index.php\/wp-json\/wp\/v2\/product_tag?post=2941"}],"curies":[{"name":"wp","href":"https:\/\/api.w.org\/{rel}","templated":true}]}}