{"id":2939,"date":"2023-03-21T10:58:28","date_gmt":"2023-03-21T13:58:28","guid":{"rendered":"https:\/\/www.emporioamazonervas.com.br\/?post_type=product&#038;p=2939"},"modified":"2023-03-21T17:30:03","modified_gmt":"2023-03-21T20:30:03","slug":"mulungu-60-caps-500mg-natus-verde","status":"publish","type":"product","link":"https:\/\/www.emporioamazonervas.com.br\/index.php\/produto\/mulungu-60-caps-500mg-natus-verde\/","title":{"rendered":"Mulungu 60 caps 500mg &#8211; Natus Verde"},"content":{"rendered":"<p style=\"text-align: justify\">O Mulungu (Erythrina mulungu) \u00e9 uma planta do nordeste brasileiro, que alivia os sintomas do estresse, da ansiedade e da depress\u00e3o. Ele ainda \u00e9 associado a benef\u00edcios para pessoas que possuem transtorno compulsivos e para ins\u00f4nia e agita\u00e7\u00e3o durante o sono.<\/p>\n<p style=\"text-align: justify\">\u00a0 Seu uso como calmante e sedativo natural pode beneficiar pessoas que est\u00e3o em abstin\u00eancia pelo uso do cigarro ou drogas. Estudos ainda s\u00e3o conduzidos para testar suas propriedades nos cuidados do cora\u00e7\u00e3o, principalmente no controle da hipertens\u00e3o.<\/p>\n<p style=\"text-align: justify\">Por possuir propriedades diur\u00e9ticas, o mulungu pode ajudar a desinchar o organismo, eliminando o excesso de l\u00edquidos atrav\u00e9s da urina.<\/p>\n<p style=\"text-align: justify\">\u00a0 Estudos tamb\u00e9m indicam que o Mulungu possui a\u00e7\u00e3o hepatoprotetora, protegendo o f\u00edgado, e seus antioxidantes atuam na tonifica\u00e7\u00e3o e fortalecimento de todos os \u00f3rg\u00e3os.<\/p>\n<p>Benef\u00edcios do Mulungu:<\/p>\n<p>&#8211; Alivia a ansiedade e o estresse<\/p>\n<p>&#8211; Ataques de p\u00e2nico<\/p>\n<p>&#8211; Depress\u00e3o<\/p>\n<p>&#8211; Epilepsia<\/p>\n<p>&#8211; Diur\u00e9tico<\/p>\n<p>&#8211; Enxaqueca<\/p>\n<p>&#8211; Press\u00e3o alta<\/p>\n","protected":false},"excerpt":{"rendered":"<p>O Mulungu (Erythrina mulungu) \u00e9 uma planta do nordeste brasileiro, que alivia os sintomas do<a class=\"read-more\" href=\"https:\/\/www.emporioamazonervas.com.br\/index.php\/produto\/mulungu-60-caps-500mg-natus-verde\/\">&#8230;<\/a><\/p>\n","protected":false},"featured_media":2940,"comment_status":"open","ping_status":"closed","template":"","meta":[],"product_cat":[173],"product_tag":[331,690,622,784,894,691,223,865,686,551],"_links":{"self":[{"href":"https:\/\/www.emporioamazonervas.com.br\/index.php\/wp-json\/wp\/v2\/product\/2939"}],"collection":[{"href":"https:\/\/www.emporioamazonervas.com.br\/index.php\/wp-json\/wp\/v2\/product"}],"about":[{"href":"https:\/\/www.emporioamazonervas.com.br\/index.php\/wp-json\/wp\/v2\/types\/product"}],"replies":[{"embeddable":true,"href":"https:\/\/www.emporioamazonervas.com.br\/index.php\/wp-json\/wp\/v2\/comments?post=2939"}],"wp:featuredmedia":[{"embeddable":true,"href":"https:\/\/www.emporioamazonervas.com.br\/index.php\/wp-json\/wp\/v2\/media\/2940"}],"wp:attachment":[{"href":"https:\/\/www.emporioamazonervas.com.br\/index.php\/wp-json\/wp\/v2\/media?parent=2939"}],"wp:term":[{"taxonomy":"product_cat","embeddable":true,"href":"https:\/\/www.emporioamazonervas.com.br\/index.php\/wp-json\/wp\/v2\/product_cat?post=2939"},{"taxonomy":"product_tag","embeddable":true,"href":"https:\/\/www.emporioamazonervas.com.br\/index.php\/wp-json\/wp\/v2\/product_tag?post=2939"}],"curies":[{"name":"wp","href":"https:\/\/api.w.org\/{rel}","templated":true}]}}