{"id":2937,"date":"2023-03-21T10:17:52","date_gmt":"2023-03-21T13:17:52","guid":{"rendered":"https:\/\/www.emporioamazonervas.com.br\/?post_type=product&#038;p=2937"},"modified":"2023-03-21T17:30:35","modified_gmt":"2023-03-21T20:30:35","slug":"seca-barriga-colageno-60-caps-500mg-natus-verde","status":"publish","type":"product","link":"https:\/\/www.emporioamazonervas.com.br\/index.php\/produto\/seca-barriga-colageno-60-caps-500mg-natus-verde\/","title":{"rendered":"Seca Barriga + Col\u00e1geno 60 Caps 500mg &#8211; Natus Verde"},"content":{"rendered":"<p style=\"text-align: justify\">O Seca Barriga \u00e9 uma associa\u00e7\u00e3o de ervas medicinais especialmente selecionadas que auxiliam a promover o equil\u00edbrio intestinal. Previne e combate a obesidade, gordura localizada, celulite, estrias, mau colesterol, flacidez, pris\u00e3o de ventre e ansiedade.<\/p>\n<p style=\"text-align: justify\">Desenvolvido para eliminar a reten\u00e7\u00e3o de l\u00edquidos que causa incha\u00e7o no corpo. Reduz a absor\u00e7\u00e3o de gordura auxiliando na perda de peso. Favorece a manuten\u00e7\u00e3o da pele, cabelo e unhas. Reduz a flacidez da pele.<\/p>\n","protected":false},"excerpt":{"rendered":"<p>O Seca Barriga \u00e9 uma associa\u00e7\u00e3o de ervas medicinais especialmente selecionadas que auxiliam a promover<a class=\"read-more\" href=\"https:\/\/www.emporioamazonervas.com.br\/index.php\/produto\/seca-barriga-colageno-60-caps-500mg-natus-verde\/\">&#8230;<\/a><\/p>\n","protected":false},"featured_media":2938,"comment_status":"open","ping_status":"closed","template":"","meta":[],"product_cat":[173],"product_tag":[281,52,282,596,545,633,785,556,555,557,1013],"_links":{"self":[{"href":"https:\/\/www.emporioamazonervas.com.br\/index.php\/wp-json\/wp\/v2\/product\/2937"}],"collection":[{"href":"https:\/\/www.emporioamazonervas.com.br\/index.php\/wp-json\/wp\/v2\/product"}],"about":[{"href":"https:\/\/www.emporioamazonervas.com.br\/index.php\/wp-json\/wp\/v2\/types\/product"}],"replies":[{"embeddable":true,"href":"https:\/\/www.emporioamazonervas.com.br\/index.php\/wp-json\/wp\/v2\/comments?post=2937"}],"wp:featuredmedia":[{"embeddable":true,"href":"https:\/\/www.emporioamazonervas.com.br\/index.php\/wp-json\/wp\/v2\/media\/2938"}],"wp:attachment":[{"href":"https:\/\/www.emporioamazonervas.com.br\/index.php\/wp-json\/wp\/v2\/media?parent=2937"}],"wp:term":[{"taxonomy":"product_cat","embeddable":true,"href":"https:\/\/www.emporioamazonervas.com.br\/index.php\/wp-json\/wp\/v2\/product_cat?post=2937"},{"taxonomy":"product_tag","embeddable":true,"href":"https:\/\/www.emporioamazonervas.com.br\/index.php\/wp-json\/wp\/v2\/product_tag?post=2937"}],"curies":[{"name":"wp","href":"https:\/\/api.w.org\/{rel}","templated":true}]}}