{"id":2931,"date":"2023-03-20T11:46:54","date_gmt":"2023-03-20T14:46:54","guid":{"rendered":"https:\/\/www.emporioamazonervas.com.br\/?post_type=product&#038;p=2931"},"modified":"2023-03-21T17:31:39","modified_gmt":"2023-03-21T20:31:39","slug":"termogenic-mais-moro-laranja-moro-e-oleo-de-cartamo-60-caps-clinicmais","status":"publish","type":"product","link":"https:\/\/www.emporioamazonervas.com.br\/index.php\/produto\/termogenic-mais-moro-laranja-moro-e-oleo-de-cartamo-60-caps-clinicmais\/","title":{"rendered":"Termogenic Mais Moro: Laranja Moro e \u00d3leo de C\u00e1rtamo 60 caps &#8211; ClinicMais"},"content":{"rendered":"<p>Um produto desenvolvido para ser seu aliado no ganho de massa muscular. A combina\u00e7\u00e3o do \u00f3leo de c\u00e1rtamo com a laranja moro potencializada o poder antioxidante e anti-inflamat\u00f3rio desses dois ativos.<\/p>\n<ul class=\"ui-tabs-nav ui-helper-reset ui-helper-clearfix ui-widget-header ui-corner-all\" role=\"tablist\">\n<li>Auxilia na redu\u00e7\u00e3o da gordura abdominal;<\/li>\n<li>Auxilia no controle dos n\u00edveis de colesterol e triglic\u00e9rides;<\/li>\n<li>Auxilia a prevenir doen\u00e7as relacionadas ao cora\u00e7\u00e3o;<\/li>\n<li>Contribui para o aumento da massa magra.<\/li>\n<\/ul>\n<p>-N\u00c3O CONT\u00c9M GL\u00daTEN<\/p>\n","protected":false},"excerpt":{"rendered":"<p>Um produto desenvolvido para ser seu aliado no ganho de massa muscular. A combina\u00e7\u00e3o do<a class=\"read-more\" href=\"https:\/\/www.emporioamazonervas.com.br\/index.php\/produto\/termogenic-mais-moro-laranja-moro-e-oleo-de-cartamo-60-caps-clinicmais\/\">&#8230;<\/a><\/p>\n","protected":false},"featured_media":2932,"comment_status":"open","ping_status":"closed","template":"","meta":[],"product_cat":[173],"product_tag":[944,979,543,341,1009,951,792,133],"_links":{"self":[{"href":"https:\/\/www.emporioamazonervas.com.br\/index.php\/wp-json\/wp\/v2\/product\/2931"}],"collection":[{"href":"https:\/\/www.emporioamazonervas.com.br\/index.php\/wp-json\/wp\/v2\/product"}],"about":[{"href":"https:\/\/www.emporioamazonervas.com.br\/index.php\/wp-json\/wp\/v2\/types\/product"}],"replies":[{"embeddable":true,"href":"https:\/\/www.emporioamazonervas.com.br\/index.php\/wp-json\/wp\/v2\/comments?post=2931"}],"wp:featuredmedia":[{"embeddable":true,"href":"https:\/\/www.emporioamazonervas.com.br\/index.php\/wp-json\/wp\/v2\/media\/2932"}],"wp:attachment":[{"href":"https:\/\/www.emporioamazonervas.com.br\/index.php\/wp-json\/wp\/v2\/media?parent=2931"}],"wp:term":[{"taxonomy":"product_cat","embeddable":true,"href":"https:\/\/www.emporioamazonervas.com.br\/index.php\/wp-json\/wp\/v2\/product_cat?post=2931"},{"taxonomy":"product_tag","embeddable":true,"href":"https:\/\/www.emporioamazonervas.com.br\/index.php\/wp-json\/wp\/v2\/product_tag?post=2931"}],"curies":[{"name":"wp","href":"https:\/\/api.w.org\/{rel}","templated":true}]}}