{"id":2928,"date":"2023-03-20T11:13:34","date_gmt":"2023-03-20T14:13:34","guid":{"rendered":"https:\/\/www.emporioamazonervas.com.br\/?post_type=product&#038;p=2928"},"modified":"2023-03-21T17:30:55","modified_gmt":"2023-03-21T20:30:55","slug":"magnesio-e-treonina-30-caps-450mg-clinicmais","status":"publish","type":"product","link":"https:\/\/www.emporioamazonervas.com.br\/index.php\/produto\/magnesio-e-treonina-30-caps-450mg-clinicmais\/","title":{"rendered":"Magn\u00e9sio e Treonina 30 caps 450mg &#8211; ClinicMais"},"content":{"rendered":"<p><strong>Magn\u00e9sio e Treonina \u00e9 um \u00e1cido, derivado da vitamina C, que quando aliado ao magn\u00e9sio contribui para que aconte\u00e7a uma melhor absor\u00e7\u00e3o deste mineral.<\/strong><\/p>\n<p>Atua como facilitador da entrada de magn\u00e9sio nas c\u00e9lulas neurais, isso ir\u00e1 proporcionar benef\u00edcios, principalmente, para o sistema nervoso e cerebral.<\/p>\n<p><strong>Melhor desenvolvimento dos ossos, proporciona maior equil\u00edbrio para as c\u00e9lulas do corpo humano e atua como coadjuvante em rea\u00e7\u00f5es bioqu\u00edmicas;<\/strong><\/p>\n<ul class=\"ui-tabs-nav ui-helper-reset ui-helper-clearfix ui-widget-header ui-corner-all\" role=\"tablist\">\n<li>Ajuda no funcionamento do sistema cardiovascular;<\/li>\n<li>Atua a favor do sistema imune;<\/li>\n<li>Pode ajudar na melhora da circula\u00e7\u00e3o sangu\u00ednea, cora\u00e7\u00e3o e m\u00fasculos;<\/li>\n<li>Atua na absor\u00e7\u00e3o de c\u00e1lcio pelo organismo;<\/li>\n<li>Melhora o aprendizado e concentra\u00e7\u00e3o.<\/li>\n<\/ul>\n<p>&nbsp;<\/p>\n<p>-N\u00c3O CONT\u00c9M GL\u00daTEN.<\/p>\n<p>C\u00c1PSULA VEGANA<\/p>\n","protected":false},"excerpt":{"rendered":"<p>Magn\u00e9sio e Treonina \u00e9 um \u00e1cido, derivado da vitamina C, que quando aliado ao magn\u00e9sio<a class=\"read-more\" href=\"https:\/\/www.emporioamazonervas.com.br\/index.php\/produto\/magnesio-e-treonina-30-caps-450mg-clinicmais\/\">&#8230;<\/a><\/p>\n","protected":false},"featured_media":2929,"comment_status":"open","ping_status":"closed","template":"","meta":[],"product_cat":[173],"product_tag":[1008,266,592,581,571,175,551,1007,626,1006,113],"_links":{"self":[{"href":"https:\/\/www.emporioamazonervas.com.br\/index.php\/wp-json\/wp\/v2\/product\/2928"}],"collection":[{"href":"https:\/\/www.emporioamazonervas.com.br\/index.php\/wp-json\/wp\/v2\/product"}],"about":[{"href":"https:\/\/www.emporioamazonervas.com.br\/index.php\/wp-json\/wp\/v2\/types\/product"}],"replies":[{"embeddable":true,"href":"https:\/\/www.emporioamazonervas.com.br\/index.php\/wp-json\/wp\/v2\/comments?post=2928"}],"wp:featuredmedia":[{"embeddable":true,"href":"https:\/\/www.emporioamazonervas.com.br\/index.php\/wp-json\/wp\/v2\/media\/2929"}],"wp:attachment":[{"href":"https:\/\/www.emporioamazonervas.com.br\/index.php\/wp-json\/wp\/v2\/media?parent=2928"}],"wp:term":[{"taxonomy":"product_cat","embeddable":true,"href":"https:\/\/www.emporioamazonervas.com.br\/index.php\/wp-json\/wp\/v2\/product_cat?post=2928"},{"taxonomy":"product_tag","embeddable":true,"href":"https:\/\/www.emporioamazonervas.com.br\/index.php\/wp-json\/wp\/v2\/product_tag?post=2928"}],"curies":[{"name":"wp","href":"https:\/\/api.w.org\/{rel}","templated":true}]}}