{"id":2921,"date":"2023-02-18T12:30:40","date_gmt":"2023-02-18T15:30:40","guid":{"rendered":"https:\/\/www.emporioamazonervas.com.br\/?post_type=product&#038;p=2921"},"modified":"2023-02-18T12:31:19","modified_gmt":"2023-02-18T15:31:19","slug":"maca-peruana-120-caps-500mg-apisnutri","status":"publish","type":"product","link":"https:\/\/www.emporioamazonervas.com.br\/index.php\/produto\/maca-peruana-120-caps-500mg-apisnutri\/","title":{"rendered":"Maca Peruana 120 caps 500mg &#8211; ApisNutri"},"content":{"rendered":"<p dir=\"ltr\" style=\"text-align: justify\"><strong>Maca Peruana<\/strong>\u00a0<strong>Apisnutri<\/strong>\u00a0\u00e9 elaborada com 500mg do p\u00f3 de\u00a0<em>Lepidium meyeni,<\/em>\u00a0uma planta que vem ganhando grande fama e popularidade pelo mundo.<\/p>\n<p dir=\"ltr\" style=\"text-align: justify\">Origin\u00e1ria dos\u00a0<strong>Andes Peruanos<\/strong>, a maca\u00a0\u00e9 um tub\u00e9rculo muito semelhante ao nosso conhecido rabanete e sua incid\u00eancia se estende por toda a Cordilheira dos Andes e suas encostas, onde devido \u00e0s baixas temperaturas, encontram condi\u00e7\u00f5es ideais para seu desenvolvimento.<\/p>\n<p dir=\"ltr\" style=\"text-align: justify\">Suas ra\u00edzes cont\u00e9m\u00a0<strong>amino\u00e1cidos, carboidratos, fibras, c\u00e1lcio, ferro, magn\u00e9sio, \u00f4mega 3\u00a0<\/strong>e<strong>\u00a09, f\u00f3sforo, pot\u00e1ssio, zinco, sel\u00eanio\u00a0<\/strong>e<strong>\u00a0vitaminas B1\u00a0<\/strong>e<strong>\u00a0 B2, vitamina C<\/strong>\u00a0e<strong> vitamina E, <b>proporcionando mais vigor e disposi\u00e7\u00e3o ao nosso organismo, al\u00e9m de beneficiar as defesas do nosso organismo e agindo contra os radicais livres<\/b>.<\/strong><\/p>\n","protected":false},"excerpt":{"rendered":"<p>Maca Peruana\u00a0Apisnutri\u00a0\u00e9 elaborada com 500mg do p\u00f3 de\u00a0Lepidium meyeni,\u00a0uma planta que vem ganhando grande fama<a class=\"read-more\" href=\"https:\/\/www.emporioamazonervas.com.br\/index.php\/produto\/maca-peruana-120-caps-500mg-apisnutri\/\">&#8230;<\/a><\/p>\n","protected":false},"featured_media":2922,"comment_status":"open","ping_status":"closed","template":"","meta":[],"product_cat":[173],"product_tag":[771,586,327,326,921,524],"_links":{"self":[{"href":"https:\/\/www.emporioamazonervas.com.br\/index.php\/wp-json\/wp\/v2\/product\/2921"}],"collection":[{"href":"https:\/\/www.emporioamazonervas.com.br\/index.php\/wp-json\/wp\/v2\/product"}],"about":[{"href":"https:\/\/www.emporioamazonervas.com.br\/index.php\/wp-json\/wp\/v2\/types\/product"}],"replies":[{"embeddable":true,"href":"https:\/\/www.emporioamazonervas.com.br\/index.php\/wp-json\/wp\/v2\/comments?post=2921"}],"wp:featuredmedia":[{"embeddable":true,"href":"https:\/\/www.emporioamazonervas.com.br\/index.php\/wp-json\/wp\/v2\/media\/2922"}],"wp:attachment":[{"href":"https:\/\/www.emporioamazonervas.com.br\/index.php\/wp-json\/wp\/v2\/media?parent=2921"}],"wp:term":[{"taxonomy":"product_cat","embeddable":true,"href":"https:\/\/www.emporioamazonervas.com.br\/index.php\/wp-json\/wp\/v2\/product_cat?post=2921"},{"taxonomy":"product_tag","embeddable":true,"href":"https:\/\/www.emporioamazonervas.com.br\/index.php\/wp-json\/wp\/v2\/product_tag?post=2921"}],"curies":[{"name":"wp","href":"https:\/\/api.w.org\/{rel}","templated":true}]}}