{"id":2919,"date":"2023-02-18T10:46:56","date_gmt":"2023-02-18T13:46:56","guid":{"rendered":"https:\/\/www.emporioamazonervas.com.br\/?post_type=product&#038;p=2919"},"modified":"2023-02-18T10:46:56","modified_gmt":"2023-02-18T13:46:56","slug":"maca-mana-cubiu-60-caps-500mg-clinicmais","status":"publish","type":"product","link":"https:\/\/www.emporioamazonervas.com.br\/index.php\/produto\/maca-mana-cubiu-60-caps-500mg-clinicmais\/","title":{"rendered":"Maca + Mana Cubiu 60 caps 500mg &#8211; ClinicMais"},"content":{"rendered":"<p style=\"text-align: justify\"><strong>Maca Peruana e Mana Cubiu<\/strong>\u00a0\u00e9 um suplemento desenvolvido pela empresa\u00a0<strong>ClinicMais<\/strong>\u00a0que age como um poderoso\u00a0estimulante sexual\u00a0e revigorante. Produzido com ativos naturais, o produto \u00e9 composto por extratos puros de Maca e Mana Cubiu.<\/p>\n<p style=\"text-align: justify\">A\u00a0<strong>Maca Peruana<\/strong>\u00a0\u00e9 muito conhecida por ser um afrodis\u00edaco natural. Este tub\u00e9rculo origin\u00e1rio das andes peruanos ganhou destaque como um fitoter\u00e1pico no uso medicinal. Na sua composi\u00e7\u00e3o h\u00e1 quantidades significativas de amino\u00e1cidos, fibras, carboidratos e minerais essenciais, como c\u00e1lcio, f\u00f3sforo, ferro, zinco, magn\u00e9sio e vitaminas E, B1, B2, B12 e C.<\/p>\n<p style=\"text-align: justify\">A\u00a0<strong>Maca Peruana<\/strong>\u00a0\u00e9 muito conhecida por seus efeitos nutritivos, energ\u00e9ticos e revigorantes. O suplemento aumenta a vitalidade, combate o estresse e o cansa\u00e7o, promove aumento da libido e da fertilidade.<\/p>\n<p style=\"text-align: justify\">Al\u00e9m disso, a\u00a0<strong>Maca<\/strong>\u00a0tamb\u00e9m ajuda na melhora do desempenho sexual, auxilia em dietas de emagrecimento e combate a osteoporose.<\/p>\n<p style=\"text-align: justify\">J\u00e1 o\u00a0<strong>Mana Cubiu\u00a0<\/strong>\u00e9 uma fruta medicinal brasileira origin\u00e1ria da Amaz\u00f4nia e tamb\u00e9m \u00e9 conhecida por cubiu ou tomate de \u00edndio. Esta planta pertence a mesma fam\u00edlia dos tomates, berinjelas e batatas.<\/p>\n<p style=\"text-align: justify\">O\u00a0<strong>Mana Cubiu\u00a0<\/strong>\u00e9 uma baga comest\u00edvel na cor vermelha, laranja ou amarela e tem uma pele fina e resistente. Seu sabor suave lembra um pouco o tomate e sua polpa tem uma leve acidez, como a do lim\u00e3o.<\/p>\n<p style=\"text-align: justify\">Este fruto \u00e9 rico em ferro, f\u00f3sforo, fibras, prote\u00ednas, vitaminas (vitamina B3, B5 e C) e sais minerais. O\u00a0<strong>Mana Cubiu<\/strong>\u00a0\u00e9 usado h\u00e1 anos pelos nativos como subst\u00e2ncia fitoter\u00e1pica, como forma de controlar a diabetes, \u00e1cido \u00farico, colesterol, queimaduras e micoses da pele.<\/p>\n<p style=\"text-align: justify\">Por fim, mas n\u00e3o menos importante, o\u00a0<strong>Mana Cubiu<\/strong>\u00a0tamb\u00e9m \u00e9 muito utilizado como t\u00f4nico sexual, porque est\u00e1 relacionado com a s\u00edntese dos horm\u00f4nios sexuais. Ele \u00e9 um estimulante natural que pode colaborar para uma melhora na vida \u00edntima.<\/p>\n","protected":false},"excerpt":{"rendered":"<p>Maca Peruana e Mana Cubiu\u00a0\u00e9 um suplemento desenvolvido pela empresa\u00a0ClinicMais\u00a0que age como um poderoso\u00a0estimulante sexual\u00a0e<a class=\"read-more\" href=\"https:\/\/www.emporioamazonervas.com.br\/index.php\/produto\/maca-mana-cubiu-60-caps-500mg-clinicmais\/\">&#8230;<\/a><\/p>\n","protected":false},"featured_media":2920,"comment_status":"open","ping_status":"closed","template":"","meta":[],"product_cat":[173],"product_tag":[610,1002,771,327,326,1003,1005,524,866,970,1004],"_links":{"self":[{"href":"https:\/\/www.emporioamazonervas.com.br\/index.php\/wp-json\/wp\/v2\/product\/2919"}],"collection":[{"href":"https:\/\/www.emporioamazonervas.com.br\/index.php\/wp-json\/wp\/v2\/product"}],"about":[{"href":"https:\/\/www.emporioamazonervas.com.br\/index.php\/wp-json\/wp\/v2\/types\/product"}],"replies":[{"embeddable":true,"href":"https:\/\/www.emporioamazonervas.com.br\/index.php\/wp-json\/wp\/v2\/comments?post=2919"}],"wp:featuredmedia":[{"embeddable":true,"href":"https:\/\/www.emporioamazonervas.com.br\/index.php\/wp-json\/wp\/v2\/media\/2920"}],"wp:attachment":[{"href":"https:\/\/www.emporioamazonervas.com.br\/index.php\/wp-json\/wp\/v2\/media?parent=2919"}],"wp:term":[{"taxonomy":"product_cat","embeddable":true,"href":"https:\/\/www.emporioamazonervas.com.br\/index.php\/wp-json\/wp\/v2\/product_cat?post=2919"},{"taxonomy":"product_tag","embeddable":true,"href":"https:\/\/www.emporioamazonervas.com.br\/index.php\/wp-json\/wp\/v2\/product_tag?post=2919"}],"curies":[{"name":"wp","href":"https:\/\/api.w.org\/{rel}","templated":true}]}}