{"id":2917,"date":"2023-02-18T10:33:40","date_gmt":"2023-02-18T13:33:40","guid":{"rendered":"https:\/\/www.emporioamazonervas.com.br\/?post_type=product&#038;p=2917"},"modified":"2023-02-18T10:47:57","modified_gmt":"2023-02-18T13:47:57","slug":"maca-peruana-com-amora-60-caps-videira-7","status":"publish","type":"product","link":"https:\/\/www.emporioamazonervas.com.br\/index.php\/produto\/maca-peruana-com-amora-60-caps-videira-7\/","title":{"rendered":"Maca Peruana com Amora 60 caps 500mg &#8211; Videira 7"},"content":{"rendered":"<p style=\"text-align: justify\">A Maca Peruana (Lepidium meyenii) \u00e9 um vegetal cruc\u00edfero nativo da regi\u00e3o andina do Peru. O consumo do tub\u00e9rculo deve-se ao seu valor nutritivo e conte\u00fado fitoqu\u00edmico. Suas propriedades etnomedicinais est\u00e3o conectadas \u00e0 fertilidade e \u00e0 vitalidade. Um estudo realizado em 2002 demonstrou que a maca peruana tem uma alta atividade antioxidante em vista da sua habilidade em inibir peroxinitrito, DPPH, peroxilas e degrada\u00e7\u00e3o da desoxirribose.<\/p>\n<p style=\"text-align: justify\">A Amora Miura \u00e9 um poderoso aliado contra a Menopausa, e TPM<\/p>\n<p style=\"text-align: justify\">Amora Miura \u00e9 um suplemento alimentar poderoso contra os sintomas da menopausa, tens\u00e3o pr\u00e9-menstrual e da osteoporose, suas propriedades antioxidantes regulam os horm\u00f4nios.<br \/>\npodem ser utilizadas para ajudar a emagrecer, diminuir o n\u00edvel de a\u00e7\u00facar no sangue, regular a press\u00e3o arterial ou combater o colesterol ruim.<\/p>\n<h2 style=\"text-align: justify\">Benef\u00edcios:<\/h2>\n<p style=\"text-align: justify\">MULHERES<br \/>\nLibido e desejo sexual<br \/>\nMelhora os sintomas da menopausa<br \/>\nMelhora o humor<br \/>\nCombate a fadiga<br \/>\nAumenta a disposi\u00e7\u00e3o f\u00edsica<br \/>\nAlivia sintomas da TPM<br \/>\nRejuvenescedor natural<\/p>\n<h3 style=\"text-align: justify\">Fortalece o cora\u00e7\u00e3o:<\/h3>\n<p style=\"text-align: justify\">Por ser rica em \u00f4mega 3, a maca peruana evita problemas cardiovasculares e regulariza os n\u00edveis de colesterol, ou seja, essa planta \u00e9 capaz de combater o colesterol ruim (LDL) e aumentar o bom colesterol (HDL). Isso ajuda no controle de gorduras no sangue, evitando a hipertens\u00e3o.<\/p>\n<h3 style=\"text-align: justify\">Evita a anemia e a osteoporose:<\/h3>\n<p style=\"text-align: justify\">A plantinha \u00e9 riqu\u00edssima em ferro, nutriente que combate a anemia \u2013 uma dose de 100 g da farinha \u00e9 composta de 16,6 mg de ferro. Al\u00e9m disso, a maca peruana tem mais c\u00e1lcio que o leite.<\/p>\n<h3 style=\"text-align: justify\">Previne o diabetes e aumenta a imunidade:<\/h3>\n<p style=\"text-align: justify\">De acordo com a Associa\u00e7\u00e3o Brasileira de Nutrologia (Abran), a maca peruana previne o diabetes por diminuir a velocidade da absor\u00e7\u00e3o de glicose, gra\u00e7as ao alto teor de fibras na planta. Ela tamb\u00e9m fortalece a imunidade do organismo e aumenta o poder de cicatriza\u00e7\u00e3o.<\/p>\n<h3 style=\"text-align: justify\">Esquenta o sexo:<\/h3>\n<p style=\"text-align: justify\">A maca peruana tem efeito afrodis\u00edaco, de acordo com estudos da Universidade Cayetano Heredia, no Peru. Nos homens, houve maior produ\u00e7\u00e3o de s\u00eamen e, nas mulheres, a planta reduziu o estresse e, ainda, aumentou a libido.<\/p>\n<h3 style=\"text-align: justify\">Aumenta a fertilidade e tem poder afrodis\u00edaco:<\/h3>\n<p style=\"text-align: justify\">A combina\u00e7\u00e3o de vitaminas do complexo B, zinco e vitamina E favorece a forma\u00e7\u00e3o de horm\u00f4nios sexuais. A combina\u00e7\u00e3o de fitoqu\u00edmicos potencializa a forma\u00e7\u00e3o hormonal e gerando efeito estimulante.<\/p>\n<h3 style=\"text-align: justify\">Diminui o cansa\u00e7o:<\/h3>\n<p style=\"text-align: justify\">Por ser fonte de vitaminas do completo B, que participa das rea\u00e7\u00f5es relacionadas \u00e0 produ\u00e7\u00e3o de energia do organismo, e rica em carboidratos complexos (cerca de 60%), que fornecem essa energia ao organismo.<\/p>\n<h3 style=\"text-align: justify\">Aumenta a massa muscular:<\/h3>\n<p style=\"text-align: justify\">Quanto associada a exerc\u00edcios de for\u00e7a, ajuda na hipertrofia muscular pela quantidade de amino\u00e1cidos presentes e tamb\u00e9m pela concentra\u00e7\u00e3o de c\u00e1lcio, zinco e magn\u00e9sio.<\/p>\n<h3 style=\"text-align: justify\">Previne contra diabetes:<\/h3>\n<p style=\"text-align: justify\">Pelo teor de fibras, a Maca diminui a velocidade da absor\u00e7\u00e3o de glicose.<\/p>\n<h3 style=\"text-align: justify\">Trata e previne anemia:<\/h3>\n<p style=\"text-align: justify\">100g de Maca cont\u00e9m 16,6mg de ferro.<\/p>\n<h3 style=\"text-align: justify\">Cuida da pele:<\/h3>\n<p style=\"text-align: justify\">Limpa a pele, ameniza as acnes, manchas e reduzindo sinais de envelhecimento.<\/p>\n<h3 style=\"text-align: justify\">Atua na menopausa:<\/h3>\n<p style=\"text-align: justify\">Atua sobre os n\u00edveis hormonais, amenizando as ondas de calor, diminuindo o cansa\u00e7o, mantendo o libido e bloqueando a desidrata\u00e7\u00e3o da pele.<\/p>\n<p style=\"text-align: justify\">\n","protected":false},"excerpt":{"rendered":"<p>A Maca Peruana (Lepidium meyenii) \u00e9 um vegetal cruc\u00edfero nativo da regi\u00e3o andina do Peru.<a class=\"read-more\" href=\"https:\/\/www.emporioamazonervas.com.br\/index.php\/produto\/maca-peruana-com-amora-60-caps-videira-7\/\">&#8230;<\/a><\/p>\n","protected":false},"featured_media":2918,"comment_status":"open","ping_status":"closed","template":"","meta":[],"product_cat":[173],"product_tag":[610,238,664,1002,771,605,327,326,921,240,317,323,556,530,750],"_links":{"self":[{"href":"https:\/\/www.emporioamazonervas.com.br\/index.php\/wp-json\/wp\/v2\/product\/2917"}],"collection":[{"href":"https:\/\/www.emporioamazonervas.com.br\/index.php\/wp-json\/wp\/v2\/product"}],"about":[{"href":"https:\/\/www.emporioamazonervas.com.br\/index.php\/wp-json\/wp\/v2\/types\/product"}],"replies":[{"embeddable":true,"href":"https:\/\/www.emporioamazonervas.com.br\/index.php\/wp-json\/wp\/v2\/comments?post=2917"}],"wp:featuredmedia":[{"embeddable":true,"href":"https:\/\/www.emporioamazonervas.com.br\/index.php\/wp-json\/wp\/v2\/media\/2918"}],"wp:attachment":[{"href":"https:\/\/www.emporioamazonervas.com.br\/index.php\/wp-json\/wp\/v2\/media?parent=2917"}],"wp:term":[{"taxonomy":"product_cat","embeddable":true,"href":"https:\/\/www.emporioamazonervas.com.br\/index.php\/wp-json\/wp\/v2\/product_cat?post=2917"},{"taxonomy":"product_tag","embeddable":true,"href":"https:\/\/www.emporioamazonervas.com.br\/index.php\/wp-json\/wp\/v2\/product_tag?post=2917"}],"curies":[{"name":"wp","href":"https:\/\/api.w.org\/{rel}","templated":true}]}}