{"id":2915,"date":"2023-02-16T12:21:31","date_gmt":"2023-02-16T15:21:31","guid":{"rendered":"https:\/\/www.emporioamazonervas.com.br\/?post_type=product&#038;p=2915"},"modified":"2023-02-16T12:21:31","modified_gmt":"2023-02-16T15:21:31","slug":"manteiga-ghee-tradicional-200g-dom-afonso","status":"publish","type":"product","link":"https:\/\/www.emporioamazonervas.com.br\/index.php\/produto\/manteiga-ghee-tradicional-200g-dom-afonso\/","title":{"rendered":"Manteiga Ghee Tradicional 200g &#8211; Dom Afonso"},"content":{"rendered":"<p style=\"text-align: justify\">A Manteiga Ghee Tradicional Dom Afonso \u00e9 o \u00f3leo puro extra\u00eddo do leite. \u00c9 uma manteiga clarificada utilizada h\u00e1 milhares de anos na \u00cdndia, tanto no preparo de alimentos, quando na Medicina Ayurveda. Seu sabor amendoado nos leva a lembrar a beurre noissete francesa e a manteiga da terra nordestina. \u00c9 ideal para preparos que exigem alta temperatura, inclusive fritura por imers\u00e3o, tendo seu ponto de queima de 250\u00baC, superando com folga outros \u00f3leos tipicamente utilizados na cozinha como: a manteiga; o azeite; a banha e o \u00f3leo de soja. A Manteiga Ghee Tradicional Dom Afonso \u00e9 um alimento rico em gorduras, al\u00e9m de possuir vitaminas A, D, E e K. \u00c9 rica em Triglicer\u00eddeos de Cadeia M\u00e9dia (TCM), compostos de \u00e1cidos graxos de cadeia m\u00e9dia e curta al\u00e9m de ser fonte de energia imediata e de longa dura\u00e7\u00e3o. Essas gorduras s\u00e3o digeridas e metabolizadas rapidamente pelo corpo, o que a torna ideal para o consumo por atletas, em dieta Low Carb ou dieta cetog\u00eanica.<\/p>\n","protected":false},"excerpt":{"rendered":"<p>A Manteiga Ghee Tradicional Dom Afonso \u00e9 o \u00f3leo puro extra\u00eddo do leite. \u00c9 uma<a class=\"read-more\" href=\"https:\/\/www.emporioamazonervas.com.br\/index.php\/produto\/manteiga-ghee-tradicional-200g-dom-afonso\/\">&#8230;<\/a><\/p>\n","protected":false},"featured_media":2916,"comment_status":"open","ping_status":"closed","template":"","meta":[],"product_cat":[993],"product_tag":[65,994,970,84,86,1000],"_links":{"self":[{"href":"https:\/\/www.emporioamazonervas.com.br\/index.php\/wp-json\/wp\/v2\/product\/2915"}],"collection":[{"href":"https:\/\/www.emporioamazonervas.com.br\/index.php\/wp-json\/wp\/v2\/product"}],"about":[{"href":"https:\/\/www.emporioamazonervas.com.br\/index.php\/wp-json\/wp\/v2\/types\/product"}],"replies":[{"embeddable":true,"href":"https:\/\/www.emporioamazonervas.com.br\/index.php\/wp-json\/wp\/v2\/comments?post=2915"}],"wp:featuredmedia":[{"embeddable":true,"href":"https:\/\/www.emporioamazonervas.com.br\/index.php\/wp-json\/wp\/v2\/media\/2916"}],"wp:attachment":[{"href":"https:\/\/www.emporioamazonervas.com.br\/index.php\/wp-json\/wp\/v2\/media?parent=2915"}],"wp:term":[{"taxonomy":"product_cat","embeddable":true,"href":"https:\/\/www.emporioamazonervas.com.br\/index.php\/wp-json\/wp\/v2\/product_cat?post=2915"},{"taxonomy":"product_tag","embeddable":true,"href":"https:\/\/www.emporioamazonervas.com.br\/index.php\/wp-json\/wp\/v2\/product_tag?post=2915"}],"curies":[{"name":"wp","href":"https:\/\/api.w.org\/{rel}","templated":true}]}}