{"id":2909,"date":"2023-02-16T12:02:03","date_gmt":"2023-02-16T15:02:03","guid":{"rendered":"https:\/\/www.emporioamazonervas.com.br\/?post_type=product&#038;p=2909"},"modified":"2023-02-16T12:02:03","modified_gmt":"2023-02-16T15:02:03","slug":"manteiga-ghee-com-trufas-200g-dom-afonso","status":"publish","type":"product","link":"https:\/\/www.emporioamazonervas.com.br\/index.php\/produto\/manteiga-ghee-com-trufas-200g-dom-afonso\/","title":{"rendered":"Manteiga Ghee com Trufas 200g &#8211; Dom Afonso"},"content":{"rendered":"<p style=\"text-align: justify\">A\u00a0<strong>Manteiga Ghee<\/strong>\u00a0\u00e9 uma\u00a0<strong>manteiga clarificada<\/strong>, ideal para preparos que exigem alta temperatura, inclusive fritura por imers\u00e3o. \u00c9 um alimento rico em gorduras, al\u00e9m de possuir vitaminas A, D, E e K. \u00c9 rica em Triglicer\u00eddeos de Cadeia M\u00e9dia (TCM), compostos de \u00e1cidos graxos de cadeia m\u00e9dia e curta, fonte de energia imediata e de longa dura\u00e7\u00e3o. Essas gorduras s\u00e3o digeridas e metabolizadas rapidamente pelo corpo, o que a torna ideal para o consumo por atletas, em dieta Low Carb ou dieta cetog\u00eanica.<\/p>\n<p style=\"text-align: justify\">A Trufa \u00e9 talvez o ingrediente culin\u00e1rio mais raro e cobi\u00e7ado do mundo. Nossa Manteiga Ghee sabor Trufas Tuber Aestivum Vitt (Ghee Trufada) \u00e9 adicionada de Tuber Aestivum Vitt (trufa de ver\u00e3o). Confere sabor e aromas complexos e pode ser utilizada em massas, risotos, no preparo de carnes e em ovos.<\/p>\n","protected":false},"excerpt":{"rendered":"<p>A\u00a0Manteiga Ghee\u00a0\u00e9 uma\u00a0manteiga clarificada, ideal para preparos que exigem alta temperatura, inclusive fritura por imers\u00e3o.<a class=\"read-more\" href=\"https:\/\/www.emporioamazonervas.com.br\/index.php\/produto\/manteiga-ghee-com-trufas-200g-dom-afonso\/\">&#8230;<\/a><\/p>\n","protected":false},"featured_media":2910,"comment_status":"open","ping_status":"closed","template":"","meta":[],"product_cat":[993],"product_tag":[65,999,994,970,84,86,1000,998],"_links":{"self":[{"href":"https:\/\/www.emporioamazonervas.com.br\/index.php\/wp-json\/wp\/v2\/product\/2909"}],"collection":[{"href":"https:\/\/www.emporioamazonervas.com.br\/index.php\/wp-json\/wp\/v2\/product"}],"about":[{"href":"https:\/\/www.emporioamazonervas.com.br\/index.php\/wp-json\/wp\/v2\/types\/product"}],"replies":[{"embeddable":true,"href":"https:\/\/www.emporioamazonervas.com.br\/index.php\/wp-json\/wp\/v2\/comments?post=2909"}],"wp:featuredmedia":[{"embeddable":true,"href":"https:\/\/www.emporioamazonervas.com.br\/index.php\/wp-json\/wp\/v2\/media\/2910"}],"wp:attachment":[{"href":"https:\/\/www.emporioamazonervas.com.br\/index.php\/wp-json\/wp\/v2\/media?parent=2909"}],"wp:term":[{"taxonomy":"product_cat","embeddable":true,"href":"https:\/\/www.emporioamazonervas.com.br\/index.php\/wp-json\/wp\/v2\/product_cat?post=2909"},{"taxonomy":"product_tag","embeddable":true,"href":"https:\/\/www.emporioamazonervas.com.br\/index.php\/wp-json\/wp\/v2\/product_tag?post=2909"}],"curies":[{"name":"wp","href":"https:\/\/api.w.org\/{rel}","templated":true}]}}