{"id":2904,"date":"2023-02-16T09:36:00","date_gmt":"2023-02-16T12:36:00","guid":{"rendered":"https:\/\/www.emporioamazonervas.com.br\/?post_type=product&#038;p=2904"},"modified":"2023-08-07T16:36:58","modified_gmt":"2023-08-07T19:36:58","slug":"manteiga-ghee-com-sal-rosa-200g-dom-afonso","status":"publish","type":"product","link":"https:\/\/www.emporioamazonervas.com.br\/index.php\/produto\/manteiga-ghee-com-sal-rosa-200g-dom-afonso\/","title":{"rendered":"Manteiga Ghee com Sal Rosa 200g &#8211; Dom Afonso"},"content":{"rendered":"<div class=\"wWOJcd\" role=\"button\" aria-labelledby=\"exacc_0y7uY9y1G_Xc5OUPxe6ZgAs_1\">\n<div class=\"r21Kzd\" style=\"text-align: justify\" data-hveid=\"CBwQAQ\" data-ved=\"2ahUKEwic64eQkpr9AhV1LrkGHUV3BrAQuk56BAgcEAE\"><\/div>\n<\/div>\n<div id=\"exacc_0y7uY9y1G_Xc5OUPxe6ZgAs_2\" class=\"MBtdbb\" style=\"text-align: justify\" data-ved=\"2ahUKEwic64eQkpr9AhV1LrkGHUV3BrAQ7NUEegQIHBAD\">\n<div class=\"ymu2Hb\">\n<div id=\"_0y7uY9y1G_Xc5OUPxe6ZgAs_38\" class=\"t0bRye r2fjmd\" data-hveid=\"CBwQBA\" data-ved=\"2ahUKEwic64eQkpr9AhV1LrkGHUV3BrAQu04oAHoECBwQBA\">\n<div id=\"0y7uY9y1G_Xc5OUPxe6ZgAs__19\">\n<div class=\"wDYxhc\" data-md=\"61\">\n<p class=\"LGOjhe\" role=\"heading\" data-attrid=\"wa:\/description\" data-hveid=\"CBgQAA\"><span class=\"ILfuVd\" lang=\"pt\"><span class=\"hgKElc\"><b>\u00c9 bastante utilizado na culin\u00e1ria, em refogados e at\u00e9 mesmo em frituras<\/b> porque o ghee\u00a0 possui um excelente ponto de fuma\u00e7a e, mesmo em alta temperatura, n\u00e3o s\u00e3o alteradas suas propriedades, o que \u00e9 muito bom para a nossa sa\u00fade. Al\u00e9m do preparo de outros pratos, tamb\u00e9m \u00e9 servido como acompanhamento de p\u00e3es e biscoitos.<\/span><\/span><\/p>\n<\/div>\n<\/div>\n<\/div>\n<\/div>\n<\/div>\n<p style=\"text-align: justify\">O Sal Rosa \u00e9 extra\u00eddo de minas salinas localizadas nas montanhas do Himalaia. \u00c9 o sal mais puro do planeta e cont\u00e9m mais de 80 tipos de minerais, com diversas fun\u00e7\u00f5es ben\u00e9ficas \u00e0 sa\u00fade (sal bom). Pode ser utilizado em qualquer prepara\u00e7\u00e3o que se deseje adicionar sal.<\/p>\n","protected":false},"excerpt":{"rendered":"<p>\u00c9 bastante utilizado na culin\u00e1ria, em refogados e at\u00e9 mesmo em frituras porque o ghee\u00a0<a class=\"read-more\" href=\"https:\/\/www.emporioamazonervas.com.br\/index.php\/produto\/manteiga-ghee-com-sal-rosa-200g-dom-afonso\/\">&#8230;<\/a><\/p>\n","protected":false},"featured_media":2905,"comment_status":"open","ping_status":"closed","template":"","meta":[],"product_cat":[993],"product_tag":[65,994,995,824,84,86],"_links":{"self":[{"href":"https:\/\/www.emporioamazonervas.com.br\/index.php\/wp-json\/wp\/v2\/product\/2904"}],"collection":[{"href":"https:\/\/www.emporioamazonervas.com.br\/index.php\/wp-json\/wp\/v2\/product"}],"about":[{"href":"https:\/\/www.emporioamazonervas.com.br\/index.php\/wp-json\/wp\/v2\/types\/product"}],"replies":[{"embeddable":true,"href":"https:\/\/www.emporioamazonervas.com.br\/index.php\/wp-json\/wp\/v2\/comments?post=2904"}],"wp:featuredmedia":[{"embeddable":true,"href":"https:\/\/www.emporioamazonervas.com.br\/index.php\/wp-json\/wp\/v2\/media\/2905"}],"wp:attachment":[{"href":"https:\/\/www.emporioamazonervas.com.br\/index.php\/wp-json\/wp\/v2\/media?parent=2904"}],"wp:term":[{"taxonomy":"product_cat","embeddable":true,"href":"https:\/\/www.emporioamazonervas.com.br\/index.php\/wp-json\/wp\/v2\/product_cat?post=2904"},{"taxonomy":"product_tag","embeddable":true,"href":"https:\/\/www.emporioamazonervas.com.br\/index.php\/wp-json\/wp\/v2\/product_tag?post=2904"}],"curies":[{"name":"wp","href":"https:\/\/api.w.org\/{rel}","templated":true}]}}