{"id":2902,"date":"2023-02-15T16:04:30","date_gmt":"2023-02-15T19:04:30","guid":{"rendered":"https:\/\/www.emporioamazonervas.com.br\/?post_type=product&#038;p=2902"},"modified":"2023-06-02T02:51:38","modified_gmt":"2023-06-02T05:51:38","slug":"desincha-dia-60-saches-desincha","status":"publish","type":"product","link":"https:\/\/www.emporioamazonervas.com.br\/index.php\/produto\/desincha-dia-60-saches-desincha\/","title":{"rendered":"Desinch\u00e1 Dia 60 sach\u00eas &#8211; Desinch\u00e1"},"content":{"rendered":"<p style=\"text-align: justify\">O Desinch\u00e1 foi formulado para ser um ch\u00e1 di\u00e1rio e estar presente todos os dias na sua vida. Sua f\u00f3rmula foi desenvolvida com pesquisas cient\u00edficas especialmente para\u00a0<b>diminuir o incha\u00e7o do corpo, dar mais energia, acelerar o metabolismo de forma natural e trazer sa\u00fade diariamente<\/b>.<\/p>\n","protected":false},"excerpt":{"rendered":"<p>O Desinch\u00e1 foi formulado para ser um ch\u00e1 di\u00e1rio e estar presente todos os dias<a class=\"read-more\" href=\"https:\/\/www.emporioamazonervas.com.br\/index.php\/produto\/desincha-dia-60-saches-desincha\/\">&#8230;<\/a><\/p>\n","protected":false},"featured_media":2903,"comment_status":"open","ping_status":"closed","template":"","meta":[],"product_cat":[470],"product_tag":[587,704,771,54,774,992,784],"_links":{"self":[{"href":"https:\/\/www.emporioamazonervas.com.br\/index.php\/wp-json\/wp\/v2\/product\/2902"}],"collection":[{"href":"https:\/\/www.emporioamazonervas.com.br\/index.php\/wp-json\/wp\/v2\/product"}],"about":[{"href":"https:\/\/www.emporioamazonervas.com.br\/index.php\/wp-json\/wp\/v2\/types\/product"}],"replies":[{"embeddable":true,"href":"https:\/\/www.emporioamazonervas.com.br\/index.php\/wp-json\/wp\/v2\/comments?post=2902"}],"wp:featuredmedia":[{"embeddable":true,"href":"https:\/\/www.emporioamazonervas.com.br\/index.php\/wp-json\/wp\/v2\/media\/2903"}],"wp:attachment":[{"href":"https:\/\/www.emporioamazonervas.com.br\/index.php\/wp-json\/wp\/v2\/media?parent=2902"}],"wp:term":[{"taxonomy":"product_cat","embeddable":true,"href":"https:\/\/www.emporioamazonervas.com.br\/index.php\/wp-json\/wp\/v2\/product_cat?post=2902"},{"taxonomy":"product_tag","embeddable":true,"href":"https:\/\/www.emporioamazonervas.com.br\/index.php\/wp-json\/wp\/v2\/product_tag?post=2902"}],"curies":[{"name":"wp","href":"https:\/\/api.w.org\/{rel}","templated":true}]}}