{"id":2896,"date":"2023-02-15T12:40:42","date_gmt":"2023-02-15T15:40:42","guid":{"rendered":"https:\/\/www.emporioamazonervas.com.br\/?post_type=product&#038;p=2896"},"modified":"2025-10-04T23:36:53","modified_gmt":"2025-10-05T02:36:53","slug":"desincha-sabores-sabor-pitaya-com-blueberry","status":"publish","type":"product","link":"https:\/\/www.emporioamazonervas.com.br\/index.php\/produto\/desincha-sabores-sabor-pitaya-com-blueberry\/","title":{"rendered":"Desinch\u00e1 Sabores \/ Sabor: Pitaya com Blueberry 30 sach\u00eas &#8211; Desinch\u00e1"},"content":{"rendered":"<h2 class=\"title-purple text-center\" style=\"text-align: center\">Ch\u00e1 de Pitaya com Blueberry com aromas 100% naturais<\/h2>\n<p><b>Auxilia na redu\u00e7\u00e3o do incha\u00e7o, melhora da sua sa\u00fade, acaba com a sonol\u00eancia, proporciona mais energia, acelera o metabolismo e auxilia na perda de peso<\/b>.<\/p>\n<p class=\"text-p-black\" style=\"text-align: justify\">N\u00e3o usamos nenhum aromatizante sint\u00e9tico, apenas\u00a0<span class=\"sp\">aromas naturais<\/span>\u00a0extra\u00eddos das pr\u00f3prias frutas. Sem falar que as tr\u00eas vers\u00f5es do\u00a0Desinch\u00e1 Sabores\u00a0contam com os mesmos 8 ingredientes que voc\u00ea j\u00e1 conhece<\/p>\n<h3 class=\"text-p-black\" style=\"text-align: justify\"><strong>Ingredientes<\/strong><\/h3>\n<p>Ch\u00e1 Verde<br \/>\nCarqueja<br \/>\nMate Verde<br \/>\nHortel\u00e3<br \/>\nGengibre<br \/>\nGuaran\u00e1<br \/>\nS\u00e1lvia<br \/>\nAlecrim<br \/>\nAromas naturais de Pitaya com Blueberry<\/p>\n","protected":false},"excerpt":{"rendered":"<p>Ch\u00e1 de Pitaya com Blueberry com aromas 100% naturais Auxilia na redu\u00e7\u00e3o do incha\u00e7o, melhora<a class=\"read-more\" href=\"https:\/\/www.emporioamazonervas.com.br\/index.php\/produto\/desincha-sabores-sabor-pitaya-com-blueberry\/\">&#8230;<\/a><\/p>\n","protected":false},"featured_media":2897,"comment_status":"open","ping_status":"closed","template":"","meta":[],"product_cat":[470],"product_tag":[587,771,54,774,989,633,990,991],"_links":{"self":[{"href":"https:\/\/www.emporioamazonervas.com.br\/index.php\/wp-json\/wp\/v2\/product\/2896"}],"collection":[{"href":"https:\/\/www.emporioamazonervas.com.br\/index.php\/wp-json\/wp\/v2\/product"}],"about":[{"href":"https:\/\/www.emporioamazonervas.com.br\/index.php\/wp-json\/wp\/v2\/types\/product"}],"replies":[{"embeddable":true,"href":"https:\/\/www.emporioamazonervas.com.br\/index.php\/wp-json\/wp\/v2\/comments?post=2896"}],"wp:featuredmedia":[{"embeddable":true,"href":"https:\/\/www.emporioamazonervas.com.br\/index.php\/wp-json\/wp\/v2\/media\/2897"}],"wp:attachment":[{"href":"https:\/\/www.emporioamazonervas.com.br\/index.php\/wp-json\/wp\/v2\/media?parent=2896"}],"wp:term":[{"taxonomy":"product_cat","embeddable":true,"href":"https:\/\/www.emporioamazonervas.com.br\/index.php\/wp-json\/wp\/v2\/product_cat?post=2896"},{"taxonomy":"product_tag","embeddable":true,"href":"https:\/\/www.emporioamazonervas.com.br\/index.php\/wp-json\/wp\/v2\/product_tag?post=2896"}],"curies":[{"name":"wp","href":"https:\/\/api.w.org\/{rel}","templated":true}]}}