{"id":2889,"date":"2023-02-14T16:12:40","date_gmt":"2023-02-14T19:12:40","guid":{"rendered":"https:\/\/www.emporioamazonervas.com.br\/?post_type=product&#038;p=2889"},"modified":"2023-02-14T16:16:46","modified_gmt":"2023-02-14T19:16:46","slug":"cappuccino-instantaneo-150g-stevia-natus","status":"publish","type":"product","link":"https:\/\/www.emporioamazonervas.com.br\/index.php\/produto\/cappuccino-instantaneo-150g-stevia-natus\/","title":{"rendered":"Cappuccino Instant\u00e2neo 150g &#8211; Stevia Natus"},"content":{"rendered":"<p>O produto Cappuccino \u00e9 um deliciosa bebida, com 0% de adi\u00e7\u00e3o de a\u00e7\u00facar.<\/p>\n<p>Ado\u00e7ado com Stevia.<\/p>\n","protected":false},"excerpt":{"rendered":"<p>O produto Cappuccino \u00e9 um deliciosa bebida, com 0% de adi\u00e7\u00e3o de a\u00e7\u00facar. Ado\u00e7ado com<a class=\"read-more\" href=\"https:\/\/www.emporioamazonervas.com.br\/index.php\/produto\/cappuccino-instantaneo-150g-stevia-natus\/\">&#8230;<\/a><\/p>\n","protected":false},"featured_media":2890,"comment_status":"open","ping_status":"closed","template":"","meta":[],"product_cat":[131],"product_tag":[984,416,988,191,124],"_links":{"self":[{"href":"https:\/\/www.emporioamazonervas.com.br\/index.php\/wp-json\/wp\/v2\/product\/2889"}],"collection":[{"href":"https:\/\/www.emporioamazonervas.com.br\/index.php\/wp-json\/wp\/v2\/product"}],"about":[{"href":"https:\/\/www.emporioamazonervas.com.br\/index.php\/wp-json\/wp\/v2\/types\/product"}],"replies":[{"embeddable":true,"href":"https:\/\/www.emporioamazonervas.com.br\/index.php\/wp-json\/wp\/v2\/comments?post=2889"}],"wp:featuredmedia":[{"embeddable":true,"href":"https:\/\/www.emporioamazonervas.com.br\/index.php\/wp-json\/wp\/v2\/media\/2890"}],"wp:attachment":[{"href":"https:\/\/www.emporioamazonervas.com.br\/index.php\/wp-json\/wp\/v2\/media?parent=2889"}],"wp:term":[{"taxonomy":"product_cat","embeddable":true,"href":"https:\/\/www.emporioamazonervas.com.br\/index.php\/wp-json\/wp\/v2\/product_cat?post=2889"},{"taxonomy":"product_tag","embeddable":true,"href":"https:\/\/www.emporioamazonervas.com.br\/index.php\/wp-json\/wp\/v2\/product_tag?post=2889"}],"curies":[{"name":"wp","href":"https:\/\/api.w.org\/{rel}","templated":true}]}}