{"id":2887,"date":"2023-02-14T15:55:30","date_gmt":"2023-02-14T18:55:30","guid":{"rendered":"https:\/\/www.emporioamazonervas.com.br\/?post_type=product&#038;p=2887"},"modified":"2023-02-14T15:55:38","modified_gmt":"2023-02-14T18:55:38","slug":"docurinha-adocante-dietetico-100g-palazo-do-diet-light","status":"publish","type":"product","link":"https:\/\/www.emporioamazonervas.com.br\/index.php\/produto\/docurinha-adocante-dietetico-100g-palazo-do-diet-light\/","title":{"rendered":"Do\u00e7urinha Ado\u00e7ante Diet\u00e9tico 100g &#8211; Palazo Do Diet Light"},"content":{"rendered":"<p style=\"text-align: justify\">O Ado\u00e7ante Diet\u00e9tico Do\u00e7urinha \u00e9 uma op\u00e7\u00e3o para quem n\u00e3o pode ou n\u00e3o gosta de usar o a\u00e7\u00facar em sua alimenta\u00e7\u00e3o. Com capacidade de ado\u00e7ar cem vezes maior do que o a\u00e7\u00facar, n\u00e3o tem praticamente nenhum gosto, al\u00e9m de real\u00e7ar o sabor do alimento no qual est\u00e1 sendo usado.<br \/>\nO Ado\u00e7ante Diet\u00e9tico Do\u00e7urinha 100g \u00e9 livre de gl\u00faten, s\u00e3o pequenos cristais, sem nenhum valor cal\u00f3rico e tem um valor que o torna ainda mais agrad\u00e1vel. Ideal para quem busca reduzir calorias ou o \u00edndice glic\u00eamico em sua dieta do dia-a-dia, o Do\u00e7urinha \u00e9 ideal para ter sempre \u00e0 mesa.<\/p>\n<p style=\"text-align: justify\">Benef\u00edcios:<br \/>\nAlguns dos benef\u00edcios do Ado\u00e7ante Diet\u00e9tico Do\u00e7urinha incluem: ideal para quem n\u00e3o pode consumir a\u00e7\u00facar, sem gl\u00faten, sem valor cal\u00f3rico, real\u00e7a o sabor do alimento ado\u00e7ado, praticamente sem nenhum gosto residual, dentre outros.<\/p>\n","protected":false},"excerpt":{"rendered":"<p>O Ado\u00e7ante Diet\u00e9tico Do\u00e7urinha \u00e9 uma op\u00e7\u00e3o para quem n\u00e3o pode ou n\u00e3o gosta de<a class=\"read-more\" href=\"https:\/\/www.emporioamazonervas.com.br\/index.php\/produto\/docurinha-adocante-dietetico-100g-palazo-do-diet-light\/\">&#8230;<\/a><\/p>\n","protected":false},"featured_media":2888,"comment_status":"open","ping_status":"closed","template":"","meta":[],"product_cat":[196],"product_tag":[201,987,777,986],"_links":{"self":[{"href":"https:\/\/www.emporioamazonervas.com.br\/index.php\/wp-json\/wp\/v2\/product\/2887"}],"collection":[{"href":"https:\/\/www.emporioamazonervas.com.br\/index.php\/wp-json\/wp\/v2\/product"}],"about":[{"href":"https:\/\/www.emporioamazonervas.com.br\/index.php\/wp-json\/wp\/v2\/types\/product"}],"replies":[{"embeddable":true,"href":"https:\/\/www.emporioamazonervas.com.br\/index.php\/wp-json\/wp\/v2\/comments?post=2887"}],"wp:featuredmedia":[{"embeddable":true,"href":"https:\/\/www.emporioamazonervas.com.br\/index.php\/wp-json\/wp\/v2\/media\/2888"}],"wp:attachment":[{"href":"https:\/\/www.emporioamazonervas.com.br\/index.php\/wp-json\/wp\/v2\/media?parent=2887"}],"wp:term":[{"taxonomy":"product_cat","embeddable":true,"href":"https:\/\/www.emporioamazonervas.com.br\/index.php\/wp-json\/wp\/v2\/product_cat?post=2887"},{"taxonomy":"product_tag","embeddable":true,"href":"https:\/\/www.emporioamazonervas.com.br\/index.php\/wp-json\/wp\/v2\/product_tag?post=2887"}],"curies":[{"name":"wp","href":"https:\/\/api.w.org\/{rel}","templated":true}]}}