{"id":2877,"date":"2023-02-10T12:06:21","date_gmt":"2023-02-10T15:06:21","guid":{"rendered":"https:\/\/www.emporioamazonervas.com.br\/?post_type=product&#038;p=2877"},"modified":"2023-06-02T02:54:06","modified_gmt":"2023-06-02T05:54:06","slug":"eritritolstevia-200g-stevia-natus","status":"publish","type":"product","link":"https:\/\/www.emporioamazonervas.com.br\/index.php\/produto\/eritritolstevia-200g-stevia-natus\/","title":{"rendered":"Eritritol+Stevia 200g &#8211; Stevia Natus"},"content":{"rendered":"<p>\u00c9 um ado\u00e7ante natural seguro para diab\u00e9ticos, n\u00e3o provoca c\u00e1ries, alta toler\u00e2ncia digestiva.<\/p>\n","protected":false},"excerpt":{"rendered":"<p>\u00c9 um ado\u00e7ante natural seguro para diab\u00e9ticos, n\u00e3o provoca c\u00e1ries, alta toler\u00e2ncia digestiva.<\/p>\n","protected":false},"featured_media":2878,"comment_status":"open","ping_status":"closed","template":"","meta":[],"product_cat":[196],"product_tag":[984,985,191],"_links":{"self":[{"href":"https:\/\/www.emporioamazonervas.com.br\/index.php\/wp-json\/wp\/v2\/product\/2877"}],"collection":[{"href":"https:\/\/www.emporioamazonervas.com.br\/index.php\/wp-json\/wp\/v2\/product"}],"about":[{"href":"https:\/\/www.emporioamazonervas.com.br\/index.php\/wp-json\/wp\/v2\/types\/product"}],"replies":[{"embeddable":true,"href":"https:\/\/www.emporioamazonervas.com.br\/index.php\/wp-json\/wp\/v2\/comments?post=2877"}],"wp:featuredmedia":[{"embeddable":true,"href":"https:\/\/www.emporioamazonervas.com.br\/index.php\/wp-json\/wp\/v2\/media\/2878"}],"wp:attachment":[{"href":"https:\/\/www.emporioamazonervas.com.br\/index.php\/wp-json\/wp\/v2\/media?parent=2877"}],"wp:term":[{"taxonomy":"product_cat","embeddable":true,"href":"https:\/\/www.emporioamazonervas.com.br\/index.php\/wp-json\/wp\/v2\/product_cat?post=2877"},{"taxonomy":"product_tag","embeddable":true,"href":"https:\/\/www.emporioamazonervas.com.br\/index.php\/wp-json\/wp\/v2\/product_tag?post=2877"}],"curies":[{"name":"wp","href":"https:\/\/api.w.org\/{rel}","templated":true}]}}