{"id":2867,"date":"2023-02-09T11:10:12","date_gmt":"2023-02-09T14:10:12","guid":{"rendered":"https:\/\/www.emporioamazonervas.com.br\/?post_type=product&#038;p=2867"},"modified":"2023-02-09T11:10:13","modified_gmt":"2023-02-09T14:10:13","slug":"acucar-light-never-cal-500g-stevia-natus","status":"publish","type":"product","link":"https:\/\/www.emporioamazonervas.com.br\/index.php\/produto\/acucar-light-never-cal-500g-stevia-natus\/","title":{"rendered":"A\u00e7\u00facar Light Never Cal 500g &#8211; Stevia Natus"},"content":{"rendered":"<p style=\"font-weight: 400;text-align: justify\">O A\u00e7\u00facar Light Never Cal ado\u00e7a &amp; rende 5x mais que o a\u00e7\u00facar comum, 80% menos calorias e carboidratos, Zero aspartame &amp; lactose. Uma colher de (ch\u00e1) do a\u00e7\u00facar light equivale a 5 colheres de (ch\u00e1) do a\u00e7\u00facar comum.<\/p>\n<p style=\"font-weight: 400;text-align: justify\">O A\u00e7\u00facar Light Never Cal com Stevia substitui o a\u00e7\u00facar comum na prepara\u00e7\u00e3o de qualquer bebida ou alimento, rendendo 5x mais e reduzindo a ingest\u00e3o de calorias pelo organismo. Indicado para quem quer ou precisa ingerir menos calorias sem abrir m\u00e3o do sabor.<\/p>\n<p style=\"font-weight: 400;text-align: justify\">Pode ser levado ao fogo sem perder suas propriedades. Utilize nas receitas mais simples at\u00e9 as mais elaboradas.<\/p>\n","protected":false},"excerpt":{"rendered":"<p>O A\u00e7\u00facar Light Never Cal ado\u00e7a &amp; rende 5x mais que o a\u00e7\u00facar comum, 80%<a class=\"read-more\" href=\"https:\/\/www.emporioamazonervas.com.br\/index.php\/produto\/acucar-light-never-cal-500g-stevia-natus\/\">&#8230;<\/a><\/p>\n","protected":false},"featured_media":2868,"comment_status":"open","ping_status":"closed","template":"","meta":[],"product_cat":[190,196],"product_tag":[981,980,982,983,191],"_links":{"self":[{"href":"https:\/\/www.emporioamazonervas.com.br\/index.php\/wp-json\/wp\/v2\/product\/2867"}],"collection":[{"href":"https:\/\/www.emporioamazonervas.com.br\/index.php\/wp-json\/wp\/v2\/product"}],"about":[{"href":"https:\/\/www.emporioamazonervas.com.br\/index.php\/wp-json\/wp\/v2\/types\/product"}],"replies":[{"embeddable":true,"href":"https:\/\/www.emporioamazonervas.com.br\/index.php\/wp-json\/wp\/v2\/comments?post=2867"}],"wp:featuredmedia":[{"embeddable":true,"href":"https:\/\/www.emporioamazonervas.com.br\/index.php\/wp-json\/wp\/v2\/media\/2868"}],"wp:attachment":[{"href":"https:\/\/www.emporioamazonervas.com.br\/index.php\/wp-json\/wp\/v2\/media?parent=2867"}],"wp:term":[{"taxonomy":"product_cat","embeddable":true,"href":"https:\/\/www.emporioamazonervas.com.br\/index.php\/wp-json\/wp\/v2\/product_cat?post=2867"},{"taxonomy":"product_tag","embeddable":true,"href":"https:\/\/www.emporioamazonervas.com.br\/index.php\/wp-json\/wp\/v2\/product_tag?post=2867"}],"curies":[{"name":"wp","href":"https:\/\/api.w.org\/{rel}","templated":true}]}}