{"id":2861,"date":"2023-02-08T10:57:00","date_gmt":"2023-02-08T13:57:00","guid":{"rendered":"https:\/\/www.emporioamazonervas.com.br\/?post_type=product&#038;p=2861"},"modified":"2023-02-08T11:00:03","modified_gmt":"2023-02-08T14:00:03","slug":"amora-com-vitaminas-e-minerais-60-caps-500mg-videira-7-2","status":"publish","type":"product","link":"https:\/\/www.emporioamazonervas.com.br\/index.php\/produto\/amora-com-vitaminas-e-minerais-60-caps-500mg-videira-7-2\/","title":{"rendered":"Amora com Vitaminas e Minerais 120 caps 500mg &#8211; Videira 7"},"content":{"rendered":"<p style=\"text-align: justify\">Amora com Vitaminas e Minerais \u00e9 um suplemento alimentar, regulador de horm\u00f4nios e possui propriedades antioxidantes que podem ser utilizados para tratar os sintomas da menopausa e da osteoporose. Al\u00e9m disso, tamb\u00e9m podem ser utilizada para ajudar a emagrecer, diminuir o n\u00edvel de a\u00e7\u00facar no sangue, regular a press\u00e3o arterial ou combater o colesterol ruim. Regula os n\u00edveis de horm\u00f4nios, auxiliando na menopausa, melhora o sono, aumenta a libera\u00e7\u00e3o de insulina.<\/p>\n<p style=\"text-align: justify\">Vitamina C, Sel\u00eanio e Zinco.<\/p>\n<p style=\"text-align: justify\">\u2013 ZERO CALORIAS.<\/p>\n<p style=\"text-align: justify\">\u2013 N\u00c3O CONT\u00c9M GL\u00daTEN<\/p>\n","protected":false},"excerpt":{"rendered":"<p>Amora com Vitaminas e Minerais \u00e9 um suplemento alimentar, regulador de horm\u00f4nios e possui propriedades<a class=\"read-more\" href=\"https:\/\/www.emporioamazonervas.com.br\/index.php\/produto\/amora-com-vitaminas-e-minerais-60-caps-500mg-videira-7-2\/\">&#8230;<\/a><\/p>\n","protected":false},"featured_media":2862,"comment_status":"open","ping_status":"closed","template":"","meta":[],"product_cat":[173],"product_tag":[238,316,979,240,317,742,758,866,970],"_links":{"self":[{"href":"https:\/\/www.emporioamazonervas.com.br\/index.php\/wp-json\/wp\/v2\/product\/2861"}],"collection":[{"href":"https:\/\/www.emporioamazonervas.com.br\/index.php\/wp-json\/wp\/v2\/product"}],"about":[{"href":"https:\/\/www.emporioamazonervas.com.br\/index.php\/wp-json\/wp\/v2\/types\/product"}],"replies":[{"embeddable":true,"href":"https:\/\/www.emporioamazonervas.com.br\/index.php\/wp-json\/wp\/v2\/comments?post=2861"}],"wp:featuredmedia":[{"embeddable":true,"href":"https:\/\/www.emporioamazonervas.com.br\/index.php\/wp-json\/wp\/v2\/media\/2862"}],"wp:attachment":[{"href":"https:\/\/www.emporioamazonervas.com.br\/index.php\/wp-json\/wp\/v2\/media?parent=2861"}],"wp:term":[{"taxonomy":"product_cat","embeddable":true,"href":"https:\/\/www.emporioamazonervas.com.br\/index.php\/wp-json\/wp\/v2\/product_cat?post=2861"},{"taxonomy":"product_tag","embeddable":true,"href":"https:\/\/www.emporioamazonervas.com.br\/index.php\/wp-json\/wp\/v2\/product_tag?post=2861"}],"curies":[{"name":"wp","href":"https:\/\/api.w.org\/{rel}","templated":true}]}}