{"id":2860,"date":"2023-02-08T10:07:50","date_gmt":"2023-02-08T13:07:50","guid":{"rendered":"https:\/\/www.emporioamazonervas.com.br\/?post_type=product&#038;p=2860"},"modified":"2023-03-21T10:18:29","modified_gmt":"2023-03-21T13:18:29","slug":"dolomita-60-caps-500mg-natus-verde","status":"publish","type":"product","link":"https:\/\/www.emporioamazonervas.com.br\/index.php\/produto\/dolomita-60-caps-500mg-natus-verde\/","title":{"rendered":"Dolomita 60 caps 500mg &#8211; Natus Verde"},"content":{"rendered":"<p style=\"text-align: justify\">Combate o bruxismo. \u00c9 usado como auxiliar nos tratamentos em casos de osteoporose, raquitismo, enfraquecimento dos ossos, dentes e unhas, c\u00e2imbras e diminui\u00e7\u00e3o da elasticidade muscula e problemas cardiovasculares. Benef\u00edcios na coagula\u00e7\u00e3o sangu\u00ednea, dist\u00farbio neuro muscular, c\u00f3licas menstruais, hipertens\u00e3o e irritabilidade.<\/p>\n","protected":false},"excerpt":{"rendered":"<p>Combate o bruxismo. \u00c9 usado como auxiliar nos tratamentos em casos de osteoporose, raquitismo, enfraquecimento<a class=\"read-more\" href=\"https:\/\/www.emporioamazonervas.com.br\/index.php\/produto\/dolomita-60-caps-500mg-natus-verde\/\">&#8230;<\/a><\/p>\n","protected":false},"featured_media":2864,"comment_status":"open","ping_status":"closed","template":"","meta":[],"product_cat":[173],"product_tag":[54,978,738,977,976,89,317,792],"_links":{"self":[{"href":"https:\/\/www.emporioamazonervas.com.br\/index.php\/wp-json\/wp\/v2\/product\/2860"}],"collection":[{"href":"https:\/\/www.emporioamazonervas.com.br\/index.php\/wp-json\/wp\/v2\/product"}],"about":[{"href":"https:\/\/www.emporioamazonervas.com.br\/index.php\/wp-json\/wp\/v2\/types\/product"}],"replies":[{"embeddable":true,"href":"https:\/\/www.emporioamazonervas.com.br\/index.php\/wp-json\/wp\/v2\/comments?post=2860"}],"wp:featuredmedia":[{"embeddable":true,"href":"https:\/\/www.emporioamazonervas.com.br\/index.php\/wp-json\/wp\/v2\/media\/2864"}],"wp:attachment":[{"href":"https:\/\/www.emporioamazonervas.com.br\/index.php\/wp-json\/wp\/v2\/media?parent=2860"}],"wp:term":[{"taxonomy":"product_cat","embeddable":true,"href":"https:\/\/www.emporioamazonervas.com.br\/index.php\/wp-json\/wp\/v2\/product_cat?post=2860"},{"taxonomy":"product_tag","embeddable":true,"href":"https:\/\/www.emporioamazonervas.com.br\/index.php\/wp-json\/wp\/v2\/product_tag?post=2860"}],"curies":[{"name":"wp","href":"https:\/\/api.w.org\/{rel}","templated":true}]}}