{"id":2855,"date":"2023-02-07T18:08:12","date_gmt":"2023-02-07T21:08:12","guid":{"rendered":"https:\/\/www.emporioamazonervas.com.br\/?post_type=product&#038;p=2855"},"modified":"2023-03-21T10:19:23","modified_gmt":"2023-03-21T13:19:23","slug":"alcachofra-60-caps-500mg-natus-verde","status":"publish","type":"product","link":"https:\/\/www.emporioamazonervas.com.br\/index.php\/produto\/alcachofra-60-caps-500mg-natus-verde\/","title":{"rendered":"Alcachofra 60 caps 500mg &#8211; Natus Verde"},"content":{"rendered":"<p style=\"text-align: justify\">Auxilia no tratamento de afec\u00e7\u00f5es hepatobiliares, no controle da ureia e do colesterol. Contribui no emagrecimento, estimula a produ\u00e7\u00e3o da bile e da secre\u00e7\u00e3o de sucos g\u00e1stricos, agindo favoravelmente na digest\u00e3o.<\/p>\n","protected":false},"excerpt":{"rendered":"<p>Auxilia no tratamento de afec\u00e7\u00f5es hepatobiliares, no controle da ureia e do colesterol. Contribui no<a class=\"read-more\" href=\"https:\/\/www.emporioamazonervas.com.br\/index.php\/produto\/alcachofra-60-caps-500mg-natus-verde\/\">&#8230;<\/a><\/p>\n","protected":false},"featured_media":2856,"comment_status":"open","ping_status":"closed","template":"","meta":[],"product_cat":[173],"product_tag":[347,54,227,528,187,974],"_links":{"self":[{"href":"https:\/\/www.emporioamazonervas.com.br\/index.php\/wp-json\/wp\/v2\/product\/2855"}],"collection":[{"href":"https:\/\/www.emporioamazonervas.com.br\/index.php\/wp-json\/wp\/v2\/product"}],"about":[{"href":"https:\/\/www.emporioamazonervas.com.br\/index.php\/wp-json\/wp\/v2\/types\/product"}],"replies":[{"embeddable":true,"href":"https:\/\/www.emporioamazonervas.com.br\/index.php\/wp-json\/wp\/v2\/comments?post=2855"}],"wp:featuredmedia":[{"embeddable":true,"href":"https:\/\/www.emporioamazonervas.com.br\/index.php\/wp-json\/wp\/v2\/media\/2856"}],"wp:attachment":[{"href":"https:\/\/www.emporioamazonervas.com.br\/index.php\/wp-json\/wp\/v2\/media?parent=2855"}],"wp:term":[{"taxonomy":"product_cat","embeddable":true,"href":"https:\/\/www.emporioamazonervas.com.br\/index.php\/wp-json\/wp\/v2\/product_cat?post=2855"},{"taxonomy":"product_tag","embeddable":true,"href":"https:\/\/www.emporioamazonervas.com.br\/index.php\/wp-json\/wp\/v2\/product_tag?post=2855"}],"curies":[{"name":"wp","href":"https:\/\/api.w.org\/{rel}","templated":true}]}}