{"id":2851,"date":"2023-03-21T10:19:51","date_gmt":"2023-03-21T13:19:51","guid":{"rendered":"https:\/\/www.emporioamazonervas.com.br\/?post_type=product&#038;p=2851"},"modified":"2023-03-21T10:29:37","modified_gmt":"2023-03-21T13:29:37","slug":"berinjela-60-caps-500mg-natus-verde","status":"publish","type":"product","link":"https:\/\/www.emporioamazonervas.com.br\/index.php\/produto\/berinjela-60-caps-500mg-natus-verde\/","title":{"rendered":"Berinjela 60 Caps 500mg &#8211; Natus Verde"},"content":{"rendered":"<p style=\"text-align: justify\">A c\u00e1psula de berinjela \u00e9 um suplemento alimentar que est\u00e1 indicado no tratamento do colesterol, aterosclerose, problemas no f\u00edgado e vias biliares, pois ajuda a diminuir ou regular o colesterol, a diminuir a forma\u00e7\u00e3o das placas de gordura no interior das art\u00e9rias e a aumentar a secre\u00e7\u00e3o da bile.<\/p>\n<p>Al\u00e9m disso, a c\u00e1psula de berinjela emagrece, pois al\u00e9m de aumentar a secre\u00e7\u00e3o da bile que \u00e9 respons\u00e1vel por digerir as gorduras da alimenta\u00e7\u00e3o, ela tem a\u00e7\u00e3o diur\u00e9tica.<br \/>\nPara que serve a c\u00e1psula de berinjela<br \/>\nA c\u00e1psula de berinjela serve para tratar o colesterol alto, aterosclerose e problemas no f\u00edgado e nas vias biliares, podendo tamb\u00e9m ser usada para emagrecer devido \u00e0 sua a\u00e7\u00e3o hipocolesterol\u00eamica, anti-ateromatosa, diur\u00e9tica e colagoga, ou seja, que aumenta a secre\u00e7\u00e3o da bile.<\/p>\n<p>Desta forma, os benef\u00edcios das c\u00e1psulas de berinjela incluem diminuir ou regular o colesterol, emagrecer e tratar a aterosclerose, assim como problemas no f\u00edgado e vias biliares.<\/p>\n<p>&nbsp;<\/p>\n<p>&nbsp;<\/p>\n","protected":false},"excerpt":{"rendered":"<p>A c\u00e1psula de berinjela \u00e9 um suplemento alimentar que est\u00e1 indicado no tratamento do colesterol,<a class=\"read-more\" href=\"https:\/\/www.emporioamazonervas.com.br\/index.php\/produto\/berinjela-60-caps-500mg-natus-verde\/\">&#8230;<\/a><\/p>\n","protected":false},"featured_media":2852,"comment_status":"open","ping_status":"closed","template":"","meta":[],"product_cat":[173],"product_tag":[54,236,749,235,633,725,743,971],"_links":{"self":[{"href":"https:\/\/www.emporioamazonervas.com.br\/index.php\/wp-json\/wp\/v2\/product\/2851"}],"collection":[{"href":"https:\/\/www.emporioamazonervas.com.br\/index.php\/wp-json\/wp\/v2\/product"}],"about":[{"href":"https:\/\/www.emporioamazonervas.com.br\/index.php\/wp-json\/wp\/v2\/types\/product"}],"replies":[{"embeddable":true,"href":"https:\/\/www.emporioamazonervas.com.br\/index.php\/wp-json\/wp\/v2\/comments?post=2851"}],"wp:featuredmedia":[{"embeddable":true,"href":"https:\/\/www.emporioamazonervas.com.br\/index.php\/wp-json\/wp\/v2\/media\/2852"}],"wp:attachment":[{"href":"https:\/\/www.emporioamazonervas.com.br\/index.php\/wp-json\/wp\/v2\/media?parent=2851"}],"wp:term":[{"taxonomy":"product_cat","embeddable":true,"href":"https:\/\/www.emporioamazonervas.com.br\/index.php\/wp-json\/wp\/v2\/product_cat?post=2851"},{"taxonomy":"product_tag","embeddable":true,"href":"https:\/\/www.emporioamazonervas.com.br\/index.php\/wp-json\/wp\/v2\/product_tag?post=2851"}],"curies":[{"name":"wp","href":"https:\/\/api.w.org\/{rel}","templated":true}]}}