{"id":2849,"date":"2023-02-07T17:42:34","date_gmt":"2023-02-07T20:42:34","guid":{"rendered":"https:\/\/www.emporioamazonervas.com.br\/?post_type=product&#038;p=2849"},"modified":"2023-03-21T10:30:15","modified_gmt":"2023-03-21T13:30:15","slug":"curcuma-com-pimenta-preta-60-caps-500mg-natus-verde","status":"publish","type":"product","link":"https:\/\/www.emporioamazonervas.com.br\/index.php\/produto\/curcuma-com-pimenta-preta-60-caps-500mg-natus-verde\/","title":{"rendered":"C\u00farcuma com Pimenta Preta 60 caps 500mg &#8211; Natus Verde"},"content":{"rendered":"<p style=\"text-align: justify\">C\u00daRCUMA COM PIMENTA PRETA:<br \/>\nA principal raz\u00e3o para a imensa popularidade deste produto \u00e9 a efic\u00e1cia de um composto ativo chamado curcumina, que possui alta qualidade anti-inflamat\u00f3ria, antiss\u00e9ptica e antioxidante. Outros benef\u00edcios da c\u00farcuma:<\/p>\n<p>&#8211; Articula\u00e7\u00e3o, parte inferior das costas, joelho e al\u00edvio da dor<br \/>\n&#8211; Estimula o humor, a fun\u00e7\u00e3o cerebral e a mem\u00f3ria<br \/>\n&#8211; Suporta desintoxica\u00e7\u00e3o, digest\u00e3o, fun\u00e7\u00e3o do f\u00edgado e reduz a inflama\u00e7\u00e3o no c\u00f3lon<br \/>\n&#8211; Sistema de limpeza, redu\u00e7\u00e3o do colesterol e auxilia a sa\u00fade cardiovascular<br \/>\n&#8211; Fortalece o sistema imunol\u00f3gico, nervoso, reduz o estresse.<\/p>\n<p>Maior Absor\u00e7\u00e3o com Extrato de Pimenta Preta (Piperina) &#8211; A Piperina, aumenta a absor\u00e7\u00e3o da C\u00farcuma.<\/p>\n","protected":false},"excerpt":{"rendered":"<p>C\u00daRCUMA COM PIMENTA PRETA: A principal raz\u00e3o para a imensa popularidade deste produto \u00e9 a<a class=\"read-more\" href=\"https:\/\/www.emporioamazonervas.com.br\/index.php\/produto\/curcuma-com-pimenta-preta-60-caps-500mg-natus-verde\/\">&#8230;<\/a><\/p>\n","protected":false},"featured_media":2850,"comment_status":"open","ping_status":"closed","template":"","meta":[],"product_cat":[173],"product_tag":[895,507,316,531,508,256,969,927,970,792],"_links":{"self":[{"href":"https:\/\/www.emporioamazonervas.com.br\/index.php\/wp-json\/wp\/v2\/product\/2849"}],"collection":[{"href":"https:\/\/www.emporioamazonervas.com.br\/index.php\/wp-json\/wp\/v2\/product"}],"about":[{"href":"https:\/\/www.emporioamazonervas.com.br\/index.php\/wp-json\/wp\/v2\/types\/product"}],"replies":[{"embeddable":true,"href":"https:\/\/www.emporioamazonervas.com.br\/index.php\/wp-json\/wp\/v2\/comments?post=2849"}],"wp:featuredmedia":[{"embeddable":true,"href":"https:\/\/www.emporioamazonervas.com.br\/index.php\/wp-json\/wp\/v2\/media\/2850"}],"wp:attachment":[{"href":"https:\/\/www.emporioamazonervas.com.br\/index.php\/wp-json\/wp\/v2\/media?parent=2849"}],"wp:term":[{"taxonomy":"product_cat","embeddable":true,"href":"https:\/\/www.emporioamazonervas.com.br\/index.php\/wp-json\/wp\/v2\/product_cat?post=2849"},{"taxonomy":"product_tag","embeddable":true,"href":"https:\/\/www.emporioamazonervas.com.br\/index.php\/wp-json\/wp\/v2\/product_tag?post=2849"}],"curies":[{"name":"wp","href":"https:\/\/api.w.org\/{rel}","templated":true}]}}