{"id":2846,"date":"2023-02-07T17:35:06","date_gmt":"2023-02-07T20:35:06","guid":{"rendered":"https:\/\/www.emporioamazonervas.com.br\/?post_type=product&#038;p=2846"},"modified":"2023-03-21T10:30:32","modified_gmt":"2023-03-21T13:30:32","slug":"anti-reumatico-natural-60-caps-500mg-natus-verde","status":"publish","type":"product","link":"https:\/\/www.emporioamazonervas.com.br\/index.php\/produto\/anti-reumatico-natural-60-caps-500mg-natus-verde\/","title":{"rendered":"Anti Reum\u00e1tico Natural 60 caps 500mg &#8211; Natus Verde"},"content":{"rendered":"<p style=\"text-align: justify\">Auxilia no tratamento de reumatismo agudo, cr\u00f4nico, articular, gota, artrite reumatoide, dores nos nervos, ci\u00e1tica, dist\u00farbios ligados ao excesso de \u00e1cido \u00farico, dermatoses e manifesta\u00e7\u00f5es cut\u00e2neas (psor\u00edase e eczema) e doen\u00e7as renais e das vias urin\u00e1rias.<\/p>\n","protected":false},"excerpt":{"rendered":"<p>Auxilia no tratamento de reumatismo agudo, cr\u00f4nico, articular, gota, artrite reumatoide, dores nos nervos, ci\u00e1tica,<a class=\"read-more\" href=\"https:\/\/www.emporioamazonervas.com.br\/index.php\/produto\/anti-reumatico-natural-60-caps-500mg-natus-verde\/\">&#8230;<\/a><\/p>\n","protected":false},"featured_media":2848,"comment_status":"open","ping_status":"closed","template":"","meta":[],"product_cat":[173],"product_tag":[642,710,533,54,713,578],"_links":{"self":[{"href":"https:\/\/www.emporioamazonervas.com.br\/index.php\/wp-json\/wp\/v2\/product\/2846"}],"collection":[{"href":"https:\/\/www.emporioamazonervas.com.br\/index.php\/wp-json\/wp\/v2\/product"}],"about":[{"href":"https:\/\/www.emporioamazonervas.com.br\/index.php\/wp-json\/wp\/v2\/types\/product"}],"replies":[{"embeddable":true,"href":"https:\/\/www.emporioamazonervas.com.br\/index.php\/wp-json\/wp\/v2\/comments?post=2846"}],"wp:featuredmedia":[{"embeddable":true,"href":"https:\/\/www.emporioamazonervas.com.br\/index.php\/wp-json\/wp\/v2\/media\/2848"}],"wp:attachment":[{"href":"https:\/\/www.emporioamazonervas.com.br\/index.php\/wp-json\/wp\/v2\/media?parent=2846"}],"wp:term":[{"taxonomy":"product_cat","embeddable":true,"href":"https:\/\/www.emporioamazonervas.com.br\/index.php\/wp-json\/wp\/v2\/product_cat?post=2846"},{"taxonomy":"product_tag","embeddable":true,"href":"https:\/\/www.emporioamazonervas.com.br\/index.php\/wp-json\/wp\/v2\/product_tag?post=2846"}],"curies":[{"name":"wp","href":"https:\/\/api.w.org\/{rel}","templated":true}]}}