{"id":2844,"date":"2023-02-07T11:56:41","date_gmt":"2023-02-07T14:56:41","guid":{"rendered":"https:\/\/www.emporioamazonervas.com.br\/?post_type=product&#038;p=2844"},"modified":"2023-03-21T10:31:10","modified_gmt":"2023-03-21T13:31:10","slug":"alcacuz-60-caps-500mg-natus-verde","status":"publish","type":"product","link":"https:\/\/www.emporioamazonervas.com.br\/index.php\/produto\/alcacuz-60-caps-500mg-natus-verde\/","title":{"rendered":"Alca\u00e7uz 60 caps 500mg &#8211; Natus Verde"},"content":{"rendered":"<p style=\"text-align: justify\">A alca\u00e7uz trata asma, alergia, bronquite, catarro, diabete, hepatite, difteria, desequil\u00edbrios hormonais, \u00falceras, al\u00e9m de ajudar na melhora das suprarrenais, do f\u00edgado, do ba\u00e7o, dos rins e da garganta, elimina toxinas e aumenta a fertilidade. Excelente para perda de peso.<\/p>\n","protected":false},"excerpt":{"rendered":"<p>A alca\u00e7uz trata asma, alergia, bronquite, catarro, diabete, hepatite, difteria, desequil\u00edbrios hormonais, \u00falceras, al\u00e9m de<a class=\"read-more\" href=\"https:\/\/www.emporioamazonervas.com.br\/index.php\/produto\/alcacuz-60-caps-500mg-natus-verde\/\">&#8230;<\/a><\/p>\n","protected":false},"featured_media":2845,"comment_status":"open","ping_status":"closed","template":"","meta":[],"product_cat":[173],"product_tag":[967,931,576,54,968,633],"_links":{"self":[{"href":"https:\/\/www.emporioamazonervas.com.br\/index.php\/wp-json\/wp\/v2\/product\/2844"}],"collection":[{"href":"https:\/\/www.emporioamazonervas.com.br\/index.php\/wp-json\/wp\/v2\/product"}],"about":[{"href":"https:\/\/www.emporioamazonervas.com.br\/index.php\/wp-json\/wp\/v2\/types\/product"}],"replies":[{"embeddable":true,"href":"https:\/\/www.emporioamazonervas.com.br\/index.php\/wp-json\/wp\/v2\/comments?post=2844"}],"wp:featuredmedia":[{"embeddable":true,"href":"https:\/\/www.emporioamazonervas.com.br\/index.php\/wp-json\/wp\/v2\/media\/2845"}],"wp:attachment":[{"href":"https:\/\/www.emporioamazonervas.com.br\/index.php\/wp-json\/wp\/v2\/media?parent=2844"}],"wp:term":[{"taxonomy":"product_cat","embeddable":true,"href":"https:\/\/www.emporioamazonervas.com.br\/index.php\/wp-json\/wp\/v2\/product_cat?post=2844"},{"taxonomy":"product_tag","embeddable":true,"href":"https:\/\/www.emporioamazonervas.com.br\/index.php\/wp-json\/wp\/v2\/product_tag?post=2844"}],"curies":[{"name":"wp","href":"https:\/\/api.w.org\/{rel}","templated":true}]}}