{"id":2842,"date":"2023-02-07T11:41:01","date_gmt":"2023-02-07T14:41:01","guid":{"rendered":"https:\/\/www.emporioamazonervas.com.br\/?post_type=product&#038;p=2842"},"modified":"2023-03-21T10:31:23","modified_gmt":"2023-03-21T13:31:23","slug":"berinjela-com-alcachofra-60-caps-500mg-natus-verde","status":"publish","type":"product","link":"https:\/\/www.emporioamazonervas.com.br\/index.php\/produto\/berinjela-com-alcachofra-60-caps-500mg-natus-verde\/","title":{"rendered":"Berinjela com Alcachofra 60 caps 500mg &#8211; Natus Verde"},"content":{"rendered":"<p>Ajuda a combater os problemas de colesterol, previne contra \u00e1cido \u00farico no sangue, reduz o estufamento e a pris\u00e3o de ventre. Ajuda a reduzir os n\u00edveis de triglicer\u00eddeos.<\/p>\n","protected":false},"excerpt":{"rendered":"<p>Ajuda a combater os problemas de colesterol, previne contra \u00e1cido \u00farico no sangue, reduz o<a class=\"read-more\" href=\"https:\/\/www.emporioamazonervas.com.br\/index.php\/produto\/berinjela-com-alcachofra-60-caps-500mg-natus-verde\/\">&#8230;<\/a><\/p>\n","protected":false},"featured_media":2843,"comment_status":"open","ping_status":"closed","template":"","meta":[],"product_cat":[173],"product_tag":[642,347,54,262,227,746,539],"_links":{"self":[{"href":"https:\/\/www.emporioamazonervas.com.br\/index.php\/wp-json\/wp\/v2\/product\/2842"}],"collection":[{"href":"https:\/\/www.emporioamazonervas.com.br\/index.php\/wp-json\/wp\/v2\/product"}],"about":[{"href":"https:\/\/www.emporioamazonervas.com.br\/index.php\/wp-json\/wp\/v2\/types\/product"}],"replies":[{"embeddable":true,"href":"https:\/\/www.emporioamazonervas.com.br\/index.php\/wp-json\/wp\/v2\/comments?post=2842"}],"wp:featuredmedia":[{"embeddable":true,"href":"https:\/\/www.emporioamazonervas.com.br\/index.php\/wp-json\/wp\/v2\/media\/2843"}],"wp:attachment":[{"href":"https:\/\/www.emporioamazonervas.com.br\/index.php\/wp-json\/wp\/v2\/media?parent=2842"}],"wp:term":[{"taxonomy":"product_cat","embeddable":true,"href":"https:\/\/www.emporioamazonervas.com.br\/index.php\/wp-json\/wp\/v2\/product_cat?post=2842"},{"taxonomy":"product_tag","embeddable":true,"href":"https:\/\/www.emporioamazonervas.com.br\/index.php\/wp-json\/wp\/v2\/product_tag?post=2842"}],"curies":[{"name":"wp","href":"https:\/\/api.w.org\/{rel}","templated":true}]}}