{"id":2835,"date":"2023-02-07T11:14:39","date_gmt":"2023-02-07T14:14:39","guid":{"rendered":"https:\/\/www.emporioamazonervas.com.br\/?post_type=product&#038;p=2835"},"modified":"2023-03-21T10:33:12","modified_gmt":"2023-03-21T13:33:12","slug":"diurek-60-caps-500mg-natus-verde","status":"publish","type":"product","link":"https:\/\/www.emporioamazonervas.com.br\/index.php\/produto\/diurek-60-caps-500mg-natus-verde\/","title":{"rendered":"Diurek 60 caps 500mg &#8211; Natus Verde"},"content":{"rendered":"<p>Diur\u00e9tico e detox do organismo.<\/p>\n<p>Combate a reten\u00e7\u00e3o de l\u00edquidos, diminuindo o incha\u00e7o;<\/p>\n<p>A\u00e7\u00e3o desintoxicante no organismo;<\/p>\n<p>Auxilia no emagrecimento;<\/p>\n<p>Acelera o metabolismo;<\/p>\n<p>Tem a\u00e7\u00e3o antioxidante e termog\u00eanica.<\/p>\n<p>&nbsp;<\/p>\n<p>&nbsp;<\/p>\n<p>&nbsp;<\/p>\n<p>&nbsp;<\/p>\n<p>&nbsp;<\/p>\n","protected":false},"excerpt":{"rendered":"<p>Diur\u00e9tico e detox do organismo. Combate a reten\u00e7\u00e3o de l\u00edquidos, diminuindo o incha\u00e7o; A\u00e7\u00e3o desintoxicante<a class=\"read-more\" href=\"https:\/\/www.emporioamazonervas.com.br\/index.php\/produto\/diurek-60-caps-500mg-natus-verde\/\">&#8230;<\/a><\/p>\n","protected":false},"featured_media":2837,"comment_status":"open","ping_status":"closed","template":"","meta":[],"product_cat":[173],"product_tag":[587,704,316,541,265,784,187,785,133],"_links":{"self":[{"href":"https:\/\/www.emporioamazonervas.com.br\/index.php\/wp-json\/wp\/v2\/product\/2835"}],"collection":[{"href":"https:\/\/www.emporioamazonervas.com.br\/index.php\/wp-json\/wp\/v2\/product"}],"about":[{"href":"https:\/\/www.emporioamazonervas.com.br\/index.php\/wp-json\/wp\/v2\/types\/product"}],"replies":[{"embeddable":true,"href":"https:\/\/www.emporioamazonervas.com.br\/index.php\/wp-json\/wp\/v2\/comments?post=2835"}],"wp:featuredmedia":[{"embeddable":true,"href":"https:\/\/www.emporioamazonervas.com.br\/index.php\/wp-json\/wp\/v2\/media\/2837"}],"wp:attachment":[{"href":"https:\/\/www.emporioamazonervas.com.br\/index.php\/wp-json\/wp\/v2\/media?parent=2835"}],"wp:term":[{"taxonomy":"product_cat","embeddable":true,"href":"https:\/\/www.emporioamazonervas.com.br\/index.php\/wp-json\/wp\/v2\/product_cat?post=2835"},{"taxonomy":"product_tag","embeddable":true,"href":"https:\/\/www.emporioamazonervas.com.br\/index.php\/wp-json\/wp\/v2\/product_tag?post=2835"}],"curies":[{"name":"wp","href":"https:\/\/api.w.org\/{rel}","templated":true}]}}