{"id":2833,"date":"2023-02-06T17:03:24","date_gmt":"2023-02-06T20:03:24","guid":{"rendered":"https:\/\/www.emporioamazonervas.com.br\/?post_type=product&#038;p=2833"},"modified":"2023-03-21T10:33:22","modified_gmt":"2023-03-21T13:33:22","slug":"espinheira-santa-60-caps-500mg-natus-verde","status":"publish","type":"product","link":"https:\/\/www.emporioamazonervas.com.br\/index.php\/produto\/espinheira-santa-60-caps-500mg-natus-verde\/","title":{"rendered":"Espinheira Santa 60 caps 500mg &#8211; Natus Verde"},"content":{"rendered":"<p>Combate a m\u00e1 digest\u00e3o, combate a azia e acidez estomacal, evita o refluxo, combate a gastrites, combate a ulceras g\u00e1stricas e duodenais. Melhora as perturba\u00e7\u00f5es do trato gastrointestinal, evita as enterites (inflama\u00e7\u00f5es do intestino), evita as flatul\u00eancia, combate o mau h\u00e1lito causado por dist\u00farbios estomacais e combate \u00falcera de est\u00f4mago.<\/p>\n<p>Ajuda a combater a gastrite;<\/p>\n<p>Males do aparelho digestivo;<\/p>\n<p>Ajuda a tratar tumores;<\/p>\n<p>antiss\u00e9ptico;<\/p>\n<p>antiespasm\u00f3dico;<\/p>\n<p>diur\u00e9tico (ajuda acaba com a reten\u00e7\u00e3o de l\u00edquidos);<\/p>\n<p>ajuda a combater o v\u00edcio do \u00e1lcool, ajuda a trata a hidropisia pelo abuso do \u00e1lcool;<\/p>\n<p>Ajuda a alivia enfermidades do f\u00edgado;<\/p>\n<p>Ajuda a reduzir a produ\u00e7\u00e3o de leite nas lactantes;<\/p>\n<p>Ajuda a cicatrizar.<\/p>\n<p>CONTRA INDICADO A GESTANTES<\/p>\n","protected":false},"excerpt":{"rendered":"<p>Combate a m\u00e1 digest\u00e3o, combate a azia e acidez estomacal, evita o refluxo, combate a<a class=\"read-more\" href=\"https:\/\/www.emporioamazonervas.com.br\/index.php\/produto\/espinheira-santa-60-caps-500mg-natus-verde\/\">&#8230;<\/a><\/p>\n","protected":false},"featured_media":2834,"comment_status":"open","ping_status":"closed","template":"","meta":[],"product_cat":[173],"product_tag":[964,684,744,965,791,888],"_links":{"self":[{"href":"https:\/\/www.emporioamazonervas.com.br\/index.php\/wp-json\/wp\/v2\/product\/2833"}],"collection":[{"href":"https:\/\/www.emporioamazonervas.com.br\/index.php\/wp-json\/wp\/v2\/product"}],"about":[{"href":"https:\/\/www.emporioamazonervas.com.br\/index.php\/wp-json\/wp\/v2\/types\/product"}],"replies":[{"embeddable":true,"href":"https:\/\/www.emporioamazonervas.com.br\/index.php\/wp-json\/wp\/v2\/comments?post=2833"}],"wp:featuredmedia":[{"embeddable":true,"href":"https:\/\/www.emporioamazonervas.com.br\/index.php\/wp-json\/wp\/v2\/media\/2834"}],"wp:attachment":[{"href":"https:\/\/www.emporioamazonervas.com.br\/index.php\/wp-json\/wp\/v2\/media?parent=2833"}],"wp:term":[{"taxonomy":"product_cat","embeddable":true,"href":"https:\/\/www.emporioamazonervas.com.br\/index.php\/wp-json\/wp\/v2\/product_cat?post=2833"},{"taxonomy":"product_tag","embeddable":true,"href":"https:\/\/www.emporioamazonervas.com.br\/index.php\/wp-json\/wp\/v2\/product_tag?post=2833"}],"curies":[{"name":"wp","href":"https:\/\/api.w.org\/{rel}","templated":true}]}}