{"id":2831,"date":"2023-02-06T16:49:35","date_gmt":"2023-02-06T19:49:35","guid":{"rendered":"https:\/\/www.emporioamazonervas.com.br\/?post_type=product&#038;p=2831"},"modified":"2023-03-21T10:33:36","modified_gmt":"2023-03-21T13:33:36","slug":"sene-60-caps-500mg-natus-verde","status":"publish","type":"product","link":"https:\/\/www.emporioamazonervas.com.br\/index.php\/produto\/sene-60-caps-500mg-natus-verde\/","title":{"rendered":"Sene 60 caps 500mg &#8211; Natus Verde"},"content":{"rendered":"<p style=\"text-align: justify\">Os extratos s\u00e3o obtidos a partir dos fol\u00edolos e vagens de C\u00e1ssia senna e Cassia angustif\u00f3lia (Leguminosae) e cont\u00e9m glicos\u00eddeos antraquin\u00f4nicos como os senos\u00eddeos A e B. Estes glicos\u00eddeos s\u00e3o hidrolisados pelas bact\u00e9rias intestinais, liberando as antraquinonas ativas no c\u00f3lon. Desta forma, \u00e9 um laxativo suave que n\u00e3o produz irrita\u00e7\u00e3o estomacal ou no intestino delgado. Sua a\u00e7\u00e3o se manifesta entre 8 e 10 horas ap\u00f3s administra\u00e7\u00e3o oral e por esta raz\u00e3o deve ser usado \u00e0 noite.<br \/>\nIntestino preso \u00e9 um dos obst\u00e1culos para emagrecer. Para obter resultados satisfat\u00f3rios de uma dieta \u00e9 necess\u00e1rio ter o intestino solto, e o sene ajuda neste processo de regulagem do intestino. Sene \u00e9 indicado para problemas de gases, pris\u00e3o de ventre e obesidade causada pelo intestino preso, tendo \u00f3timos resultados para limpeza de res\u00edduos fecais, que podem se acumular por v\u00e1rios anos.<\/p>\n","protected":false},"excerpt":{"rendered":"<p>Os extratos s\u00e3o obtidos a partir dos fol\u00edolos e vagens de C\u00e1ssia senna e Cassia<a class=\"read-more\" href=\"https:\/\/www.emporioamazonervas.com.br\/index.php\/produto\/sene-60-caps-500mg-natus-verde\/\">&#8230;<\/a><\/p>\n","protected":false},"featured_media":2832,"comment_status":"open","ping_status":"closed","template":"","meta":[],"product_cat":[173],"product_tag":[963,746,865,791,962],"_links":{"self":[{"href":"https:\/\/www.emporioamazonervas.com.br\/index.php\/wp-json\/wp\/v2\/product\/2831"}],"collection":[{"href":"https:\/\/www.emporioamazonervas.com.br\/index.php\/wp-json\/wp\/v2\/product"}],"about":[{"href":"https:\/\/www.emporioamazonervas.com.br\/index.php\/wp-json\/wp\/v2\/types\/product"}],"replies":[{"embeddable":true,"href":"https:\/\/www.emporioamazonervas.com.br\/index.php\/wp-json\/wp\/v2\/comments?post=2831"}],"wp:featuredmedia":[{"embeddable":true,"href":"https:\/\/www.emporioamazonervas.com.br\/index.php\/wp-json\/wp\/v2\/media\/2832"}],"wp:attachment":[{"href":"https:\/\/www.emporioamazonervas.com.br\/index.php\/wp-json\/wp\/v2\/media?parent=2831"}],"wp:term":[{"taxonomy":"product_cat","embeddable":true,"href":"https:\/\/www.emporioamazonervas.com.br\/index.php\/wp-json\/wp\/v2\/product_cat?post=2831"},{"taxonomy":"product_tag","embeddable":true,"href":"https:\/\/www.emporioamazonervas.com.br\/index.php\/wp-json\/wp\/v2\/product_tag?post=2831"}],"curies":[{"name":"wp","href":"https:\/\/api.w.org\/{rel}","templated":true}]}}